{"id":3058,"date":"2024-05-29T16:13:16","date_gmt":"2024-05-29T08:13:16","guid":{"rendered":"https:\/\/www.aoswel.com\/?post_type=product&#038;p=3058"},"modified":"2025-03-22T16:20:10","modified_gmt":"2025-03-22T08:20:10","slug":"4k-endoscope-camera-system","status":"publish","type":"product","link":"https:\/\/www.aoswel.com\/sv\/product\/4k-endoscope-camera-system\/","title":{"rendered":"4K endoskopkamerasystem"},"content":{"rendered":"<h1 data-spm-anchor-id=\"a2700.wholesale.0.i29.55a65178bpDwiF\">4K endoskopkamerasystem<\/h1>\n<figure id=\"attachment_2884\" aria-describedby=\"caption-attachment-2884\" style=\"width: 1500px\" class=\"wp-caption alignnone\"><img fetchpriority=\"high\" decoding=\"async\" class=\"wp-image-2884 size-full\" src=\"https:\/\/www.aoswel.com\/wp-content\/uploads\/2024\/05\/endoscope.jpg\" alt=\"endoscope camera system\" width=\"1500\" height=\"1125\" srcset=\"https:\/\/www.aoswel.com\/wp-content\/uploads\/2024\/05\/endoscope.jpg 1500w, https:\/\/www.aoswel.com\/wp-content\/uploads\/2024\/05\/endoscope-300x225.jpg 300w, https:\/\/www.aoswel.com\/wp-content\/uploads\/2024\/05\/endoscope-1024x768.jpg 1024w, https:\/\/www.aoswel.com\/wp-content\/uploads\/2024\/05\/endoscope-768x576.jpg 768w, https:\/\/www.aoswel.com\/wp-content\/uploads\/2024\/05\/endoscope-600x450.jpg 600w\" sizes=\"(max-width: 1500px) 100vw, 1500px\" \/><figcaption id=\"caption-attachment-2884\" class=\"wp-caption-text\">endoskopkamerasystem<\/figcaption><\/figure>\n<h2>Produktfunktioner :<\/h2>\n<p>\u25cf Innovativ integrerad design av ljusk\u00e4lla och kamera, vilket sparar utrymme f\u00f6r anv\u00e4ndaren<\/p>\n<p>\u25cf 4K UHD-bildbehandling (3840\u00d72160, 50\/60 bilder per sekund)<\/p>\n<p>\u25cf 4K-kamera, 8,4 megapixel, Sony CMOS<\/p>\n<p>7-tums peksk\u00e4rm, 4K- och HD-videoutg\u00e5ng<\/p>\n<p>\u25cf Inbyggd LED-k\u00e4lla f\u00f6r kallt ljus, 20 justerbara niv\u00e5er, med minnesfunktion, livsl\u00e4ngd \u00f6ver 50000 timmar<\/p>\n<p>\u25cf Kameran anv\u00e4nder teknik f\u00f6r korrigering av vitbalans f\u00f6r att g\u00f6ra f\u00e4rgerna levande<\/p>\n<p>\u25cf Innovativ detaljf\u00f6rb\u00e4ttringseffekt g\u00f6r bilddetaljerna tydligare<\/p>\n<p>Videoinspelnings- och bildtagningsfunktion, enknappsman\u00f6vrering, intelligent anpassning<\/p>\n<p>\u25cf IPX8 vattent\u00e4tt kamerahuvud;<\/p>\n<h2>Specifikation:<\/h2>\n<table style=\"height: 604px;\" width=\"763\">\n<tbody>\n<tr>\n<td>Produktmodell<\/td>\n<td>OH-9210<\/td>\n<\/tr>\n<tr>\n<td>Kamera<\/td>\n<td>1\/2,5 tum SONY CMOS<\/td>\n<\/tr>\n<tr>\n<td>Pixel<\/td>\n<td>8400 000 bildpunkter<\/td>\n<\/tr>\n<tr>\n<td>Bildstorlek (horisontell\u00d7vertikal)<\/td>\n<td>3840\u00d72160<\/td>\n<\/tr>\n<tr>\n<td>Skanningssystem<\/td>\n<td>Progressiv skanning<\/td>\n<\/tr>\n<tr>\n<td>Bildfrekvens<\/td>\n<td>(3840\u00d72160)60p<\/td>\n<\/tr>\n<tr>\n<td>SNR<\/td>\n<td>50dB,Tolerans 20%<\/td>\n<\/tr>\n<tr>\n<td>Videoutg\u00e5ng<\/td>\n<td>Med \"HDMI2.0*1,DVI*1,3G-SDI*1\"Videoutg\u00e5ng<\/td>\n<\/tr>\n<tr>\n<td>Uppl\u00f6sning av horisont<\/td>\n<td>1800TVL,Tolerans 20%<\/td>\n<\/tr>\n<tr>\n<td>Kontroll<\/td>\n<td>Peksk\u00e4rm<\/td>\n<\/tr>\n<tr>\n<td>Ljusk\u00e4lla<\/td>\n<td>Inbyggd 1500lm LED-ljusk\u00e4lla<\/td>\n<\/tr>\n<tr>\n<td>Ing\u00e5ngssp\u00e4nning<\/td>\n<td>100 - 240V (AC), 50\/60 Hz<\/td>\n<\/tr>\n<tr>\n<td>Bildtagning<\/td>\n<td>PG (uppl\u00f6sning: 1920 x 1080) p\u00e5 USB-media<\/td>\n<\/tr>\n<\/tbody>\n<\/table>\n<p>Videoinspelning: MP4 1920 x 1080 50\/60p p\u00e5 USB-medium<br \/>\nLuminans: 25%-100% Justering av ljusstyrka<br \/>\nReglage (kamerahuvud) : Fotoinspelning\/Auto vitbalans<\/p>\n<h4>Detaljer:<\/h4>\n<figure id=\"attachment_2885\" aria-describedby=\"caption-attachment-2885\" style=\"width: 905px\" class=\"wp-caption alignnone\"><img decoding=\"async\" class=\"wp-image-2885\" src=\"https:\/\/www.aoswel.com\/wp-content\/uploads\/2024\/05\/endoscope-camera-system.jpg\" alt=\"endoscope camera\" width=\"905\" height=\"675\" srcset=\"https:\/\/www.aoswel.com\/wp-content\/uploads\/2024\/05\/endoscope-camera-system.jpg 750w, https:\/\/www.aoswel.com\/wp-content\/uploads\/2024\/05\/endoscope-camera-system-300x224.jpg 300w, https:\/\/www.aoswel.com\/wp-content\/uploads\/2024\/05\/endoscope-camera-system-600x447.jpg 600w\" sizes=\"(max-width: 905px) 100vw, 905px\" \/><figcaption id=\"caption-attachment-2885\" class=\"wp-caption-text\">endoskopkamera<\/figcaption><\/figure>\n<figure id=\"attachment_2886\" aria-describedby=\"caption-attachment-2886\" style=\"width: 750px\" class=\"wp-caption alignnone\"><img decoding=\"async\" class=\"wp-image-2886 size-full\" src=\"https:\/\/www.aoswel.com\/wp-content\/uploads\/2024\/05\/endoscope-system.jpg\" alt=\"endoscope camera\" width=\"750\" height=\"940\" srcset=\"https:\/\/www.aoswel.com\/wp-content\/uploads\/2024\/05\/endoscope-system.jpg 750w, https:\/\/www.aoswel.com\/wp-content\/uploads\/2024\/05\/endoscope-system-239x300.jpg 239w, https:\/\/www.aoswel.com\/wp-content\/uploads\/2024\/05\/endoscope-system-600x752.jpg 600w\" sizes=\"(max-width: 750px) 100vw, 750px\" \/><figcaption id=\"caption-attachment-2886\" class=\"wp-caption-text\">endoskopkamera<\/figcaption><\/figure>\n<figure id=\"attachment_2887\" aria-describedby=\"caption-attachment-2887\" style=\"width: 750px\" class=\"wp-caption alignnone\"><img loading=\"lazy\" decoding=\"async\" class=\"wp-image-2887 size-full\" src=\"https:\/\/www.aoswel.com\/wp-content\/uploads\/2024\/05\/endoscope-camera-system-01.jpg\" alt=\"endoscope camera system\" width=\"750\" height=\"693\" srcset=\"https:\/\/www.aoswel.com\/wp-content\/uploads\/2024\/05\/endoscope-camera-system-01.jpg 750w, https:\/\/www.aoswel.com\/wp-content\/uploads\/2024\/05\/endoscope-camera-system-01-300x277.jpg 300w, https:\/\/www.aoswel.com\/wp-content\/uploads\/2024\/05\/endoscope-camera-system-01-600x554.jpg 600w\" sizes=\"(max-width: 750px) 100vw, 750px\" \/><figcaption id=\"caption-attachment-2887\" class=\"wp-caption-text\">endoskopkamerasystem<\/figcaption><\/figure>\n<figure id=\"attachment_2888\" aria-describedby=\"caption-attachment-2888\" style=\"width: 750px\" class=\"wp-caption alignnone\"><img loading=\"lazy\" decoding=\"async\" class=\"wp-image-2888 size-full\" src=\"https:\/\/www.aoswel.com\/wp-content\/uploads\/2024\/05\/endoscope-system-02.jpg\" alt=\"endoscope camera system\" width=\"750\" height=\"931\" srcset=\"https:\/\/www.aoswel.com\/wp-content\/uploads\/2024\/05\/endoscope-system-02.jpg 750w, https:\/\/www.aoswel.com\/wp-content\/uploads\/2024\/05\/endoscope-system-02-242x300.jpg 242w, https:\/\/www.aoswel.com\/wp-content\/uploads\/2024\/05\/endoscope-system-02-600x745.jpg 600w\" sizes=\"(max-width: 750px) 100vw, 750px\" \/><figcaption id=\"caption-attachment-2888\" class=\"wp-caption-text\">endoskopkamerasystem<\/figcaption><\/figure>\n<p>&nbsp;<\/p>\n<div class=\"wpforms-container\" id=\"wpforms-1859\"><form id=\"wpforms-form-1859\" class=\"wpforms-validate wpforms-form wpforms-ajax-form\" data-formid=\"1859\" method=\"post\" enctype=\"multipart\/form-data\" action=\"\/sv\/wp-json\/wp\/v2\/product\/3058\" data-token=\"49d80ab2530cd0af2590e354c1887118\" data-token-time=\"1777558356\" data-trp-original-action=\"\/sv\/wp-json\/wp\/v2\/product\/3058\"><noscript class=\"wpforms-error-noscript\">Aktivera JavaScript i din webbl\u00e4sare f\u00f6r att fylla i detta formul\u00e4r.<\/noscript><div class=\"wpforms-field-container\"><div id=\"wpforms-1859-field_0-container\" class=\"wpforms-field wpforms-field-name\" data-field-id=\"0\"><label class=\"wpforms-field-label\" for=\"wpforms-1859-field_0\">Namn <span class=\"wpforms-required-label\">*<\/span><\/label><input type=\"text\" id=\"wpforms-1859-field_0\" class=\"wpforms-field-medium wpforms-field-required\" name=\"wpforms[fields][0]\" required><\/div><div id=\"wpforms-1859-field_1-container\" class=\"wpforms-field wpforms-field-email\" data-field-id=\"1\"><label class=\"wpforms-field-label\" for=\"wpforms-1859-field_1\">E-post <span class=\"wpforms-required-label\">*<\/span><\/label><input type=\"email\" id=\"wpforms-1859-field_1\" class=\"wpforms-field-medium wpforms-field-required\" name=\"wpforms[fields][1]\" spellcheck=\"false\" required><\/div><div id=\"wpforms-1859-field_2-container\" class=\"wpforms-field wpforms-field-textarea\" data-field-id=\"2\"><label class=\"wpforms-field-label\" for=\"wpforms-1859-field_2\">Meddelande<\/label><textarea id=\"wpforms-1859-field_2\" class=\"wpforms-field-medium\" name=\"wpforms[fields][2]\" ><\/textarea><\/div><\/div><!-- .wpforms-field-container --><div class=\"wpforms-recaptcha-container wpforms-is-recaptcha wpforms-is-recaptcha-type-v2\" ><div class=\"g-recaptcha\" data-sitekey=\"6LdTpxoqAAAAAIzKlVIE-V0Bxf_p_IQyTqMHvU3D\"><\/div><input type=\"text\" name=\"g-recaptcha-hidden\" class=\"wpforms-recaptcha-hidden\" style=\"position:absolute!important;clip:rect(0,0,0,0)!important;height:1px!important;width:1px!important;border:0!important;overflow:hidden!important;padding:0!important;margin:0!important;\" data-rule-recaptcha=\"1\"><\/div><div class=\"wpforms-submit-container\" ><input type=\"hidden\" name=\"wpforms[id]\" value=\"1859\"><input type=\"hidden\" name=\"page_title\" value=\"\"><input type=\"hidden\" name=\"page_url\" value=\"https:\/\/www.aoswel.com\/sv\/wp-json\/wp\/v2\/product\/3058\"><input type=\"hidden\" name=\"url_referer\" value=\"\"><button type=\"submit\" name=\"wpforms[submit]\" id=\"wpforms-submit-1859\" class=\"wpforms-submit\" data-alt-text=\"Sending...\" data-submit-text=\"Submit\" aria-live=\"assertive\" value=\"wpforms-submit\">Skicka in<\/button><img loading=\"lazy\" decoding=\"async\" src=\"https:\/\/www.aoswel.com\/wp-content\/plugins\/wpforms-lite\/assets\/images\/submit-spin.svg\" class=\"wpforms-submit-spinner\" style=\"display: none;\" width=\"26\" height=\"26\" alt=\"Loading\"><\/div><input type=\"hidden\" name=\"trp-form-language\" value=\"sv\"\/><\/form><\/div>  <!-- .wpforms-container -->","protected":false},"excerpt":{"rendered":"<p>4K endoskopiskt kamerasystem har 4 g\u00e5nger h\u00f6gre uppl\u00f6sning \u00e4n Full HD. 4K-endoskopkamerasystemet best\u00e5r av en 4K VIDEO-processor, ett 4K-kamerahuvud, en LED-kall ljusk\u00e4lla, en 4K medicinsk monitor\u3002<\/p>\n<p>Kamerahuvud :2,1 megapixlar 1\/2,5 CMOS IPX8 vattent\u00e4t<\/p>\n<p>Koppling :4K optisk C-monterad zoomkoppling<\/p>\n<p>Videosystem :UHD 3840*2160, automatisk vitbalans<\/p>\n<p>Monitor :55 tum<\/p>","protected":false},"featured_media":2884,"comment_status":"open","ping_status":"closed","template":"","meta":{"site-sidebar-layout":"default","site-content-layout":"","ast-site-content-layout":"default","site-content-style":"default","site-sidebar-style":"default","ast-global-header-display":"","ast-banner-title-visibility":"","ast-main-header-display":"","ast-hfb-above-header-display":"","ast-hfb-below-header-display":"","ast-hfb-mobile-header-display":"","site-post-title":"","ast-breadcrumbs-content":"","ast-featured-img":"","footer-sml-layout":"","ast-disable-related-posts":"","theme-transparent-header-meta":"","adv-header-id-meta":"","stick-header-meta":"","header-above-stick-meta":"","header-main-stick-meta":"","header-below-stick-meta":"","astra-migrate-meta-layouts":"default","ast-page-background-enabled":"default","ast-page-background-meta":{"desktop":{"background-color":"","background-image":"","background-repeat":"repeat","background-position":"center center","background-size":"auto","background-attachment":"scroll","background-type":"","background-media":"","overlay-type":"","overlay-color":"","overlay-opacity":"","overlay-gradient":""},"tablet":{"background-color":"","background-image":"","background-repeat":"repeat","background-position":"center center","background-size":"auto","background-attachment":"scroll","background-type":"","background-media":"","overlay-type":"","overlay-color":"","overlay-opacity":"","overlay-gradient":""},"mobile":{"background-color":"","background-image":"","background-repeat":"repeat","background-position":"center center","background-size":"auto","background-attachment":"scroll","background-type":"","background-media":"","overlay-type":"","overlay-color":"","overlay-opacity":"","overlay-gradient":""}},"ast-content-background-meta":{"desktop":{"background-color":"var(--ast-global-color-5)","background-image":"","background-repeat":"repeat","background-position":"center center","background-size":"auto","background-attachment":"scroll","background-type":"","background-media":"","overlay-type":"","overlay-color":"","overlay-opacity":"","overlay-gradient":""},"tablet":{"background-color":"var(--ast-global-color-5)","background-image":"","background-repeat":"repeat","background-position":"center center","background-size":"auto","background-attachment":"scroll","background-type":"","background-media":"","overlay-type":"","overlay-color":"","overlay-opacity":"","overlay-gradient":""},"mobile":{"background-color":"var(--ast-global-color-5)","background-image":"","background-repeat":"repeat","background-position":"center center","background-size":"auto","background-attachment":"scroll","background-type":"","background-media":"","overlay-type":"","overlay-color":"","overlay-opacity":"","overlay-gradient":""}}},"product_brand":[],"product_cat":[126],"product_tag":[131,132,134,127,133],"class_list":{"0":"post-3058","1":"product","2":"type-product","3":"status-publish","4":"has-post-thumbnail","6":"product_cat-endoscope-camera","7":"product_tag-4k-endoscope-camera-system","8":"product_tag-endoscope-camera-system","9":"product_tag-high-quality-endoscope-camera","10":"product_tag-medical-endoscope","11":"product_tag-medical-endoscope-camera","12":"desktop-align-left","13":"tablet-align-left","14":"mobile-align-left","16":"first","17":"instock","18":"shipping-taxable","19":"product-type-simple"},"yoast_head":"<!-- This site is optimized with the Yoast SEO plugin v27.2 - https:\/\/yoast.com\/product\/yoast-seo-wordpress\/ -->\n<title>4K Endoscope Camera System - AOSWEL<\/title>\n<meta name=\"description\" content=\"4K Endoscope Camera System\" \/>\n<meta name=\"robots\" content=\"index, follow, max-snippet:-1, max-image-preview:large, max-video-preview:-1\" \/>\n<link rel=\"canonical\" href=\"https:\/\/www.aoswel.com\/sv\/product\/4k-endoscope-camera-system\/\" \/>\n<meta property=\"og:locale\" content=\"sv_SE\" \/>\n<meta property=\"og:type\" content=\"article\" \/>\n<meta property=\"og:title\" content=\"4K Endoscope Camera System - AOSWEL\" \/>\n<meta property=\"og:description\" content=\"4K Endoscope Camera System\" \/>\n<meta property=\"og:url\" content=\"https:\/\/www.aoswel.com\/sv\/product\/4k-endoscope-camera-system\/\" \/>\n<meta property=\"og:site_name\" content=\"AOSWEL\" \/>\n<meta property=\"article:modified_time\" content=\"2025-03-22T08:20:10+00:00\" \/>\n<meta property=\"og:image\" content=\"https:\/\/www.aoswel.com\/wp-content\/uploads\/2024\/05\/endoscope.jpg\" \/>\n\t<meta property=\"og:image:width\" content=\"1500\" \/>\n\t<meta property=\"og:image:height\" content=\"1125\" \/>\n\t<meta property=\"og:image:type\" content=\"image\/jpeg\" \/>\n<meta name=\"twitter:card\" content=\"summary_large_image\" \/>\n<meta name=\"twitter:label1\" content=\"Est. reading time\" \/>\n\t<meta name=\"twitter:data1\" content=\"3 minutes\" \/>\n<script type=\"application\/ld+json\" class=\"yoast-schema-graph\">{\"@context\":\"https:\/\/schema.org\",\"@graph\":[{\"@type\":\"WebPage\",\"@id\":\"https:\/\/www.aoswel.com\/product\/4k-endoscope-camera-system\/\",\"url\":\"https:\/\/www.aoswel.com\/product\/4k-endoscope-camera-system\/\",\"name\":\"4K Endoscope Camera System - AOSWEL\",\"isPartOf\":{\"@id\":\"https:\/\/www.aoswel.com\/#website\"},\"primaryImageOfPage\":{\"@id\":\"https:\/\/www.aoswel.com\/product\/4k-endoscope-camera-system\/#primaryimage\"},\"image\":{\"@id\":\"https:\/\/www.aoswel.com\/product\/4k-endoscope-camera-system\/#primaryimage\"},\"thumbnailUrl\":\"https:\/\/www.aoswel.com\/wp-content\/uploads\/2024\/05\/endoscope.jpg\",\"datePublished\":\"2024-05-29T08:13:16+00:00\",\"dateModified\":\"2025-03-22T08:20:10+00:00\",\"description\":\"4K Endoscope Camera System\",\"breadcrumb\":{\"@id\":\"https:\/\/www.aoswel.com\/product\/4k-endoscope-camera-system\/#breadcrumb\"},\"inLanguage\":\"sv-SE\",\"potentialAction\":[{\"@type\":\"ReadAction\",\"target\":[\"https:\/\/www.aoswel.com\/product\/4k-endoscope-camera-system\/\"]}]},{\"@type\":\"ImageObject\",\"inLanguage\":\"sv-SE\",\"@id\":\"https:\/\/www.aoswel.com\/product\/4k-endoscope-camera-system\/#primaryimage\",\"url\":\"https:\/\/www.aoswel.com\/wp-content\/uploads\/2024\/05\/endoscope.jpg\",\"contentUrl\":\"https:\/\/www.aoswel.com\/wp-content\/uploads\/2024\/05\/endoscope.jpg\",\"width\":1500,\"height\":1125,\"caption\":\"endoscope camera system\"},{\"@type\":\"BreadcrumbList\",\"@id\":\"https:\/\/www.aoswel.com\/product\/4k-endoscope-camera-system\/#breadcrumb\",\"itemListElement\":[{\"@type\":\"ListItem\",\"position\":1,\"name\":\"Products\",\"item\":\"https:\/\/www.aoswel.com\/products\/\"},{\"@type\":\"ListItem\",\"position\":2,\"name\":\"4K Endoscope Camera System\"}]},{\"@type\":\"WebSite\",\"@id\":\"https:\/\/www.aoswel.com\/#website\",\"url\":\"https:\/\/www.aoswel.com\/\",\"name\":\"AOSWEL\",\"description\":\"One-Stop Service Of Medical Endoscope Manufacturer\",\"publisher\":{\"@id\":\"https:\/\/www.aoswel.com\/#organization\"},\"potentialAction\":[{\"@type\":\"SearchAction\",\"target\":{\"@type\":\"EntryPoint\",\"urlTemplate\":\"https:\/\/www.aoswel.com\/?s={search_term_string}\"},\"query-input\":{\"@type\":\"PropertyValueSpecification\",\"valueRequired\":true,\"valueName\":\"search_term_string\"}}],\"inLanguage\":\"sv-SE\"},{\"@type\":\"Organization\",\"@id\":\"https:\/\/www.aoswel.com\/#organization\",\"name\":\"AOSWEL\",\"url\":\"https:\/\/www.aoswel.com\/\",\"logo\":{\"@type\":\"ImageObject\",\"inLanguage\":\"sv-SE\",\"@id\":\"https:\/\/www.aoswel.com\/#\/schema\/logo\/image\/\",\"url\":\"https:\/\/www.aoswel.com\/wp-content\/uploads\/2023\/03\/LOGO.png\",\"contentUrl\":\"https:\/\/www.aoswel.com\/wp-content\/uploads\/2023\/03\/LOGO.png\",\"width\":600,\"height\":252,\"caption\":\"AOSWEL\"},\"image\":{\"@id\":\"https:\/\/www.aoswel.com\/#\/schema\/logo\/image\/\"}}]}<\/script>\n<!-- \/ Yoast SEO plugin. -->","yoast_head_json":{"title":"4K Endoscope Camera System - AOSWEL","description":"4K Endoscope Camera System","robots":{"index":"index","follow":"follow","max-snippet":"max-snippet:-1","max-image-preview":"max-image-preview:large","max-video-preview":"max-video-preview:-1"},"canonical":"https:\/\/www.aoswel.com\/sv\/product\/4k-endoscope-camera-system\/","og_locale":"sv_SE","og_type":"article","og_title":"4K Endoscope Camera System - AOSWEL","og_description":"4K Endoscope Camera System","og_url":"https:\/\/www.aoswel.com\/sv\/product\/4k-endoscope-camera-system\/","og_site_name":"AOSWEL","article_modified_time":"2025-03-22T08:20:10+00:00","og_image":[{"width":1500,"height":1125,"url":"https:\/\/www.aoswel.com\/wp-content\/uploads\/2024\/05\/endoscope.jpg","type":"image\/jpeg"}],"twitter_card":"summary_large_image","twitter_misc":{"Est. reading time":"3 minutes"},"schema":{"@context":"https:\/\/schema.org","@graph":[{"@type":"WebPage","@id":"https:\/\/www.aoswel.com\/product\/4k-endoscope-camera-system\/","url":"https:\/\/www.aoswel.com\/product\/4k-endoscope-camera-system\/","name":"4K Endoscope Camera System - AOSWEL","isPartOf":{"@id":"https:\/\/www.aoswel.com\/#website"},"primaryImageOfPage":{"@id":"https:\/\/www.aoswel.com\/product\/4k-endoscope-camera-system\/#primaryimage"},"image":{"@id":"https:\/\/www.aoswel.com\/product\/4k-endoscope-camera-system\/#primaryimage"},"thumbnailUrl":"https:\/\/www.aoswel.com\/wp-content\/uploads\/2024\/05\/endoscope.jpg","datePublished":"2024-05-29T08:13:16+00:00","dateModified":"2025-03-22T08:20:10+00:00","description":"4K Endoscope Camera System","breadcrumb":{"@id":"https:\/\/www.aoswel.com\/product\/4k-endoscope-camera-system\/#breadcrumb"},"inLanguage":"sv-SE","potentialAction":[{"@type":"ReadAction","target":["https:\/\/www.aoswel.com\/product\/4k-endoscope-camera-system\/"]}]},{"@type":"ImageObject","inLanguage":"sv-SE","@id":"https:\/\/www.aoswel.com\/product\/4k-endoscope-camera-system\/#primaryimage","url":"https:\/\/www.aoswel.com\/wp-content\/uploads\/2024\/05\/endoscope.jpg","contentUrl":"https:\/\/www.aoswel.com\/wp-content\/uploads\/2024\/05\/endoscope.jpg","width":1500,"height":1125,"caption":"endoscope camera system"},{"@type":"BreadcrumbList","@id":"https:\/\/www.aoswel.com\/product\/4k-endoscope-camera-system\/#breadcrumb","itemListElement":[{"@type":"ListItem","position":1,"name":"Products","item":"https:\/\/www.aoswel.com\/products\/"},{"@type":"ListItem","position":2,"name":"4K Endoscope Camera System"}]},{"@type":"WebSite","@id":"https:\/\/www.aoswel.com\/#website","url":"https:\/\/www.aoswel.com\/","name":"AOSWEL","description":"One-Stop Service Of Medical Endoscope Manufacturer","publisher":{"@id":"https:\/\/www.aoswel.com\/#organization"},"potentialAction":[{"@type":"SearchAction","target":{"@type":"EntryPoint","urlTemplate":"https:\/\/www.aoswel.com\/?s={search_term_string}"},"query-input":{"@type":"PropertyValueSpecification","valueRequired":true,"valueName":"search_term_string"}}],"inLanguage":"sv-SE"},{"@type":"Organization","@id":"https:\/\/www.aoswel.com\/#organization","name":"AOSWEL","url":"https:\/\/www.aoswel.com\/","logo":{"@type":"ImageObject","inLanguage":"sv-SE","@id":"https:\/\/www.aoswel.com\/#\/schema\/logo\/image\/","url":"https:\/\/www.aoswel.com\/wp-content\/uploads\/2023\/03\/LOGO.png","contentUrl":"https:\/\/www.aoswel.com\/wp-content\/uploads\/2023\/03\/LOGO.png","width":600,"height":252,"caption":"AOSWEL"},"image":{"@id":"https:\/\/www.aoswel.com\/#\/schema\/logo\/image\/"}}]}},"jetpack_sharing_enabled":true,"_links":{"self":[{"href":"https:\/\/www.aoswel.com\/sv\/wp-json\/wp\/v2\/product\/3058","targetHints":{"allow":["GET"]}}],"collection":[{"href":"https:\/\/www.aoswel.com\/sv\/wp-json\/wp\/v2\/product"}],"about":[{"href":"https:\/\/www.aoswel.com\/sv\/wp-json\/wp\/v2\/types\/product"}],"replies":[{"embeddable":true,"href":"https:\/\/www.aoswel.com\/sv\/wp-json\/wp\/v2\/comments?post=3058"}],"wp:featuredmedia":[{"embeddable":true,"href":"https:\/\/www.aoswel.com\/sv\/wp-json\/wp\/v2\/media\/2884"}],"wp:attachment":[{"href":"https:\/\/www.aoswel.com\/sv\/wp-json\/wp\/v2\/media?parent=3058"}],"wp:term":[{"taxonomy":"product_brand","embeddable":true,"href":"https:\/\/www.aoswel.com\/sv\/wp-json\/wp\/v2\/product_brand?post=3058"},{"taxonomy":"product_cat","embeddable":true,"href":"https:\/\/www.aoswel.com\/sv\/wp-json\/wp\/v2\/product_cat?post=3058"},{"taxonomy":"product_tag","embeddable":true,"href":"https:\/\/www.aoswel.com\/sv\/wp-json\/wp\/v2\/product_tag?post=3058"}],"curies":[{"name":"wp","href":"https:\/\/api.w.org\/{rel}","templated":true}]}}