{"id":3055,"date":"2024-05-29T15:54:16","date_gmt":"2024-05-29T07:54:16","guid":{"rendered":"https:\/\/www.aoswel.com\/?post_type=product&#038;p=3055"},"modified":"2025-04-13T04:31:43","modified_gmt":"2025-04-12T20:31:43","slug":"fhd-veterinary-endoscope-system","status":"publish","type":"product","link":"https:\/\/www.aoswel.com\/sv\/product\/fhd-veterinary-endoscope-system\/","title":{"rendered":"15\u2033 FHD endoskopsystem f\u00f6r veterin\u00e4rer"},"content":{"rendered":"<h1 data-spm-anchor-id=\"a2700.wholesale.0.i29.55a65178bpDwiF\">\u00a0FHD endoskopsystem f\u00f6r veterin\u00e4rer<\/h1>\n<figure id=\"attachment_2902\" aria-describedby=\"caption-attachment-2902\" style=\"width: 800px\" class=\"wp-caption alignnone\"><img fetchpriority=\"high\" decoding=\"async\" class=\"wp-image-2902 size-full\" src=\"https:\/\/www.aoswel.com\/wp-content\/uploads\/2024\/05\/15-inch-FHD-Veterinary-Endoscope-System.jpg\" alt=\" FHD Veterinary Endoscope System\" width=\"800\" height=\"622\" srcset=\"https:\/\/www.aoswel.com\/wp-content\/uploads\/2024\/05\/15-inch-FHD-Veterinary-Endoscope-System.jpg 800w, https:\/\/www.aoswel.com\/wp-content\/uploads\/2024\/05\/15-inch-FHD-Veterinary-Endoscope-System-300x233.jpg 300w, https:\/\/www.aoswel.com\/wp-content\/uploads\/2024\/05\/15-inch-FHD-Veterinary-Endoscope-System-768x597.jpg 768w, https:\/\/www.aoswel.com\/wp-content\/uploads\/2024\/05\/15-inch-FHD-Veterinary-Endoscope-System-600x467.jpg 600w\" sizes=\"(max-width: 800px) 100vw, 800px\" \/><figcaption id=\"caption-attachment-2902\" class=\"wp-caption-text\">FHD endoskopsystem f\u00f6r veterin\u00e4rer<\/figcaption><\/figure>\n<h4>Specifikation:<\/h4>\n<figure id=\"attachment_2903\" aria-describedby=\"caption-attachment-2903\" style=\"width: 1200px\" class=\"wp-caption alignnone\"><img decoding=\"async\" class=\"size-full wp-image-2903\" src=\"https:\/\/www.aoswel.com\/wp-content\/uploads\/2024\/05\/FHD-Veterinary-Endoscope-System.jpg\" alt=\"15&quot; FHD Veterinary Endoscope System\" width=\"1200\" height=\"1549\" srcset=\"https:\/\/www.aoswel.com\/wp-content\/uploads\/2024\/05\/FHD-Veterinary-Endoscope-System.jpg 1200w, https:\/\/www.aoswel.com\/wp-content\/uploads\/2024\/05\/FHD-Veterinary-Endoscope-System-232x300.jpg 232w, https:\/\/www.aoswel.com\/wp-content\/uploads\/2024\/05\/FHD-Veterinary-Endoscope-System-793x1024.jpg 793w, https:\/\/www.aoswel.com\/wp-content\/uploads\/2024\/05\/FHD-Veterinary-Endoscope-System-768x991.jpg 768w, https:\/\/www.aoswel.com\/wp-content\/uploads\/2024\/05\/FHD-Veterinary-Endoscope-System-1190x1536.jpg 1190w, https:\/\/www.aoswel.com\/wp-content\/uploads\/2024\/05\/FHD-Veterinary-Endoscope-System-600x775.jpg 600w\" sizes=\"(max-width: 1200px) 100vw, 1200px\" \/><figcaption id=\"caption-attachment-2903\" class=\"wp-caption-text\">FHD endoskopsystem f\u00f6r veterin\u00e4rer<\/figcaption><\/figure>\n<h4>Detaljer:<\/h4>\n<figure id=\"attachment_2904\" aria-describedby=\"caption-attachment-2904\" style=\"width: 1200px\" class=\"wp-caption alignnone\"><img decoding=\"async\" class=\"wp-image-2904 size-full\" src=\"https:\/\/www.aoswel.com\/wp-content\/uploads\/2024\/05\/Veterinary-Endoscope-System.jpg\" alt=\"FHD Veterinary Endoscope System\" width=\"1200\" height=\"1567\" srcset=\"https:\/\/www.aoswel.com\/wp-content\/uploads\/2024\/05\/Veterinary-Endoscope-System.jpg 1200w, https:\/\/www.aoswel.com\/wp-content\/uploads\/2024\/05\/Veterinary-Endoscope-System-230x300.jpg 230w, https:\/\/www.aoswel.com\/wp-content\/uploads\/2024\/05\/Veterinary-Endoscope-System-784x1024.jpg 784w, https:\/\/www.aoswel.com\/wp-content\/uploads\/2024\/05\/Veterinary-Endoscope-System-768x1003.jpg 768w, https:\/\/www.aoswel.com\/wp-content\/uploads\/2024\/05\/Veterinary-Endoscope-System-1176x1536.jpg 1176w, https:\/\/www.aoswel.com\/wp-content\/uploads\/2024\/05\/Veterinary-Endoscope-System-600x784.jpg 600w\" sizes=\"(max-width: 1200px) 100vw, 1200px\" \/><figcaption id=\"caption-attachment-2904\" class=\"wp-caption-text\">FHD endoskopsystem f\u00f6r veterin\u00e4rer<\/figcaption><\/figure>\n<p>&nbsp;<\/p>\n<div class=\"wpforms-container\" id=\"wpforms-1859\"><form id=\"wpforms-form-1859\" class=\"wpforms-validate wpforms-form wpforms-ajax-form\" data-formid=\"1859\" method=\"post\" enctype=\"multipart\/form-data\" action=\"\/sv\/wp-json\/wp\/v2\/product\/3055\" data-token=\"49d80ab2530cd0af2590e354c1887118\" data-token-time=\"1777563685\" data-trp-original-action=\"\/sv\/wp-json\/wp\/v2\/product\/3055\"><noscript class=\"wpforms-error-noscript\">Aktivera JavaScript i din webbl\u00e4sare f\u00f6r att fylla i detta formul\u00e4r.<\/noscript><div class=\"wpforms-field-container\"><div id=\"wpforms-1859-field_0-container\" class=\"wpforms-field wpforms-field-name\" data-field-id=\"0\"><label class=\"wpforms-field-label\" for=\"wpforms-1859-field_0\">Namn <span class=\"wpforms-required-label\">*<\/span><\/label><input type=\"text\" id=\"wpforms-1859-field_0\" class=\"wpforms-field-medium wpforms-field-required\" name=\"wpforms[fields][0]\" required><\/div><div id=\"wpforms-1859-field_1-container\" class=\"wpforms-field wpforms-field-email\" data-field-id=\"1\"><label class=\"wpforms-field-label\" for=\"wpforms-1859-field_1\">E-post <span class=\"wpforms-required-label\">*<\/span><\/label><input type=\"email\" id=\"wpforms-1859-field_1\" class=\"wpforms-field-medium wpforms-field-required\" name=\"wpforms[fields][1]\" spellcheck=\"false\" required><\/div><div id=\"wpforms-1859-field_2-container\" class=\"wpforms-field wpforms-field-textarea\" data-field-id=\"2\"><label class=\"wpforms-field-label\" for=\"wpforms-1859-field_2\">Meddelande<\/label><textarea id=\"wpforms-1859-field_2\" class=\"wpforms-field-medium\" name=\"wpforms[fields][2]\" ><\/textarea><\/div><\/div><!-- .wpforms-field-container --><div class=\"wpforms-recaptcha-container wpforms-is-recaptcha wpforms-is-recaptcha-type-v2\" ><div class=\"g-recaptcha\" data-sitekey=\"6LdTpxoqAAAAAIzKlVIE-V0Bxf_p_IQyTqMHvU3D\"><\/div><input type=\"text\" name=\"g-recaptcha-hidden\" class=\"wpforms-recaptcha-hidden\" style=\"position:absolute!important;clip:rect(0,0,0,0)!important;height:1px!important;width:1px!important;border:0!important;overflow:hidden!important;padding:0!important;margin:0!important;\" data-rule-recaptcha=\"1\"><\/div><div class=\"wpforms-submit-container\" ><input type=\"hidden\" name=\"wpforms[id]\" value=\"1859\"><input type=\"hidden\" name=\"page_title\" value=\"\"><input type=\"hidden\" name=\"page_url\" value=\"https:\/\/www.aoswel.com\/sv\/wp-json\/wp\/v2\/product\/3055\"><input type=\"hidden\" name=\"url_referer\" value=\"\"><button type=\"submit\" name=\"wpforms[submit]\" id=\"wpforms-submit-1859\" class=\"wpforms-submit\" data-alt-text=\"Sending...\" data-submit-text=\"Submit\" aria-live=\"assertive\" value=\"wpforms-submit\">Skicka in<\/button><img loading=\"lazy\" decoding=\"async\" src=\"https:\/\/www.aoswel.com\/wp-content\/plugins\/wpforms-lite\/assets\/images\/submit-spin.svg\" class=\"wpforms-submit-spinner\" style=\"display: none;\" width=\"26\" height=\"26\" alt=\"Loading\"><\/div><input type=\"hidden\" name=\"trp-form-language\" value=\"sv\"\/><\/form><\/div>  <!-- .wpforms-container -->","protected":false},"excerpt":{"rendered":"<h1>15\u2033 FHD endoskopsystem f\u00f6r veterin\u00e4rer<\/h1>\n<div class=\"jiann\">\n<p>\u25b61\/2,8\" Full HD SONY CMOS, 1080P-uppl\u00f6sning<\/p>\n<p>\u25b6 L\u00e4get f\u00f6r eng\u00e5ngsskopa\/l\u00e4get f\u00f6r styvt endoskop<\/p>\n<p>\u25b6Tre kirurgiska modaliteter V\u00e4xling med ett klick<\/p>\n<p>\u25b6Integrerad 80W LED-ljusk\u00e4lla<\/p>\n<p>\u25b6 Inbyggd USB-lagring<\/p>\n<p>\u25b6Inbyggd 15-tums HD-sk\u00e4rm<\/p>\n<p>\u25b6 Flerfunktionellt eng\u00e5ngsomf\u00e5ng \uff08E-3167\/E-3160\/E-5022\/E-37180<\/p>\n<\/div>","protected":false},"featured_media":2902,"comment_status":"open","ping_status":"closed","template":"","meta":{"site-sidebar-layout":"default","site-content-layout":"","ast-site-content-layout":"default","site-content-style":"default","site-sidebar-style":"default","ast-global-header-display":"","ast-banner-title-visibility":"","ast-main-header-display":"","ast-hfb-above-header-display":"","ast-hfb-below-header-display":"","ast-hfb-mobile-header-display":"","site-post-title":"","ast-breadcrumbs-content":"","ast-featured-img":"","footer-sml-layout":"","ast-disable-related-posts":"","theme-transparent-header-meta":"","adv-header-id-meta":"","stick-header-meta":"","header-above-stick-meta":"","header-main-stick-meta":"","header-below-stick-meta":"","astra-migrate-meta-layouts":"default","ast-page-background-enabled":"default","ast-page-background-meta":{"desktop":{"background-color":"","background-image":"","background-repeat":"repeat","background-position":"center center","background-size":"auto","background-attachment":"scroll","background-type":"","background-media":"","overlay-type":"","overlay-color":"","overlay-opacity":"","overlay-gradient":""},"tablet":{"background-color":"","background-image":"","background-repeat":"repeat","background-position":"center center","background-size":"auto","background-attachment":"scroll","background-type":"","background-media":"","overlay-type":"","overlay-color":"","overlay-opacity":"","overlay-gradient":""},"mobile":{"background-color":"","background-image":"","background-repeat":"repeat","background-position":"center center","background-size":"auto","background-attachment":"scroll","background-type":"","background-media":"","overlay-type":"","overlay-color":"","overlay-opacity":"","overlay-gradient":""}},"ast-content-background-meta":{"desktop":{"background-color":"var(--ast-global-color-5)","background-image":"","background-repeat":"repeat","background-position":"center center","background-size":"auto","background-attachment":"scroll","background-type":"","background-media":"","overlay-type":"","overlay-color":"","overlay-opacity":"","overlay-gradient":""},"tablet":{"background-color":"var(--ast-global-color-5)","background-image":"","background-repeat":"repeat","background-position":"center center","background-size":"auto","background-attachment":"scroll","background-type":"","background-media":"","overlay-type":"","overlay-color":"","overlay-opacity":"","overlay-gradient":""},"mobile":{"background-color":"var(--ast-global-color-5)","background-image":"","background-repeat":"repeat","background-position":"center center","background-size":"auto","background-attachment":"scroll","background-type":"","background-media":"","overlay-type":"","overlay-color":"","overlay-opacity":"","overlay-gradient":""}}},"product_brand":[],"product_cat":[141],"product_tag":[165,161,166,167],"class_list":{"0":"post-3055","1":"product","2":"type-product","3":"status-publish","4":"has-post-thumbnail","6":"product_cat-veterinary-endoscope","7":"product_tag-15-fhd-veterinary-endoscope-system","8":"product_tag-endoscope-system","9":"product_tag-fhd-veterinary-endoscope-system","10":"product_tag-veterinary-endoscope-system","11":"desktop-align-left","12":"tablet-align-left","13":"mobile-align-left","15":"first","16":"instock","17":"shipping-taxable","18":"product-type-simple"},"yoast_head":"<!-- This site is optimized with the Yoast SEO plugin v27.2 - https:\/\/yoast.com\/product\/yoast-seo-wordpress\/ -->\n<title>15&quot; FHD Veterinary Endoscope System - AOSWEL<\/title>\n<meta name=\"description\" content=\"FHD Veterinary Endoscope System\" \/>\n<meta name=\"robots\" content=\"index, follow, max-snippet:-1, max-image-preview:large, max-video-preview:-1\" \/>\n<link rel=\"canonical\" href=\"https:\/\/www.aoswel.com\/sv\/product\/fhd-veterinary-endoscope-system\/\" \/>\n<meta property=\"og:locale\" content=\"sv_SE\" \/>\n<meta property=\"og:type\" content=\"article\" \/>\n<meta property=\"og:title\" content=\"15&quot; FHD Veterinary Endoscope System - AOSWEL\" \/>\n<meta property=\"og:description\" content=\"FHD Veterinary Endoscope System\" \/>\n<meta property=\"og:url\" content=\"https:\/\/www.aoswel.com\/sv\/product\/fhd-veterinary-endoscope-system\/\" \/>\n<meta property=\"og:site_name\" content=\"AOSWEL\" \/>\n<meta property=\"article:modified_time\" content=\"2025-04-12T20:31:43+00:00\" \/>\n<meta property=\"og:image\" content=\"https:\/\/www.aoswel.com\/wp-content\/uploads\/2024\/05\/15-inch-FHD-Veterinary-Endoscope-System.jpg\" \/>\n\t<meta property=\"og:image:width\" content=\"800\" \/>\n\t<meta property=\"og:image:height\" content=\"622\" \/>\n\t<meta property=\"og:image:type\" content=\"image\/jpeg\" \/>\n<meta name=\"twitter:card\" content=\"summary_large_image\" \/>\n<meta name=\"twitter:label1\" content=\"Est. reading time\" \/>\n\t<meta name=\"twitter:data1\" content=\"1 minute\" \/>\n<script type=\"application\/ld+json\" class=\"yoast-schema-graph\">{\"@context\":\"https:\/\/schema.org\",\"@graph\":[{\"@type\":\"WebPage\",\"@id\":\"https:\/\/www.aoswel.com\/product\/fhd-veterinary-endoscope-system\/\",\"url\":\"https:\/\/www.aoswel.com\/product\/fhd-veterinary-endoscope-system\/\",\"name\":\"15\\\" FHD Veterinary Endoscope System - AOSWEL\",\"isPartOf\":{\"@id\":\"https:\/\/www.aoswel.com\/#website\"},\"primaryImageOfPage\":{\"@id\":\"https:\/\/www.aoswel.com\/product\/fhd-veterinary-endoscope-system\/#primaryimage\"},\"image\":{\"@id\":\"https:\/\/www.aoswel.com\/product\/fhd-veterinary-endoscope-system\/#primaryimage\"},\"thumbnailUrl\":\"https:\/\/www.aoswel.com\/wp-content\/uploads\/2024\/05\/15-inch-FHD-Veterinary-Endoscope-System.jpg\",\"datePublished\":\"2024-05-29T07:54:16+00:00\",\"dateModified\":\"2025-04-12T20:31:43+00:00\",\"description\":\"FHD Veterinary Endoscope System\",\"breadcrumb\":{\"@id\":\"https:\/\/www.aoswel.com\/product\/fhd-veterinary-endoscope-system\/#breadcrumb\"},\"inLanguage\":\"sv-SE\",\"potentialAction\":[{\"@type\":\"ReadAction\",\"target\":[\"https:\/\/www.aoswel.com\/product\/fhd-veterinary-endoscope-system\/\"]}]},{\"@type\":\"ImageObject\",\"inLanguage\":\"sv-SE\",\"@id\":\"https:\/\/www.aoswel.com\/product\/fhd-veterinary-endoscope-system\/#primaryimage\",\"url\":\"https:\/\/www.aoswel.com\/wp-content\/uploads\/2024\/05\/15-inch-FHD-Veterinary-Endoscope-System.jpg\",\"contentUrl\":\"https:\/\/www.aoswel.com\/wp-content\/uploads\/2024\/05\/15-inch-FHD-Veterinary-Endoscope-System.jpg\",\"width\":800,\"height\":622,\"caption\":\"FHD Veterinary Endoscope System\"},{\"@type\":\"BreadcrumbList\",\"@id\":\"https:\/\/www.aoswel.com\/product\/fhd-veterinary-endoscope-system\/#breadcrumb\",\"itemListElement\":[{\"@type\":\"ListItem\",\"position\":1,\"name\":\"Products\",\"item\":\"https:\/\/www.aoswel.com\/products\/\"},{\"@type\":\"ListItem\",\"position\":2,\"name\":\"15&#8243; FHD Veterinary Endoscope System\"}]},{\"@type\":\"WebSite\",\"@id\":\"https:\/\/www.aoswel.com\/#website\",\"url\":\"https:\/\/www.aoswel.com\/\",\"name\":\"AOSWEL\",\"description\":\"One-Stop Service Of Medical Endoscope Manufacturer\",\"publisher\":{\"@id\":\"https:\/\/www.aoswel.com\/#organization\"},\"potentialAction\":[{\"@type\":\"SearchAction\",\"target\":{\"@type\":\"EntryPoint\",\"urlTemplate\":\"https:\/\/www.aoswel.com\/?s={search_term_string}\"},\"query-input\":{\"@type\":\"PropertyValueSpecification\",\"valueRequired\":true,\"valueName\":\"search_term_string\"}}],\"inLanguage\":\"sv-SE\"},{\"@type\":\"Organization\",\"@id\":\"https:\/\/www.aoswel.com\/#organization\",\"name\":\"AOSWEL\",\"url\":\"https:\/\/www.aoswel.com\/\",\"logo\":{\"@type\":\"ImageObject\",\"inLanguage\":\"sv-SE\",\"@id\":\"https:\/\/www.aoswel.com\/#\/schema\/logo\/image\/\",\"url\":\"https:\/\/www.aoswel.com\/wp-content\/uploads\/2023\/03\/LOGO.png\",\"contentUrl\":\"https:\/\/www.aoswel.com\/wp-content\/uploads\/2023\/03\/LOGO.png\",\"width\":600,\"height\":252,\"caption\":\"AOSWEL\"},\"image\":{\"@id\":\"https:\/\/www.aoswel.com\/#\/schema\/logo\/image\/\"}}]}<\/script>\n<!-- \/ Yoast SEO plugin. -->","yoast_head_json":{"title":"15\" FHD Veterinary Endoscope System - AOSWEL","description":"FHD Veterinary Endoscope System","robots":{"index":"index","follow":"follow","max-snippet":"max-snippet:-1","max-image-preview":"max-image-preview:large","max-video-preview":"max-video-preview:-1"},"canonical":"https:\/\/www.aoswel.com\/sv\/product\/fhd-veterinary-endoscope-system\/","og_locale":"sv_SE","og_type":"article","og_title":"15\" FHD Veterinary Endoscope System - AOSWEL","og_description":"FHD Veterinary Endoscope System","og_url":"https:\/\/www.aoswel.com\/sv\/product\/fhd-veterinary-endoscope-system\/","og_site_name":"AOSWEL","article_modified_time":"2025-04-12T20:31:43+00:00","og_image":[{"width":800,"height":622,"url":"https:\/\/www.aoswel.com\/wp-content\/uploads\/2024\/05\/15-inch-FHD-Veterinary-Endoscope-System.jpg","type":"image\/jpeg"}],"twitter_card":"summary_large_image","twitter_misc":{"Est. reading time":"1 minute"},"schema":{"@context":"https:\/\/schema.org","@graph":[{"@type":"WebPage","@id":"https:\/\/www.aoswel.com\/product\/fhd-veterinary-endoscope-system\/","url":"https:\/\/www.aoswel.com\/product\/fhd-veterinary-endoscope-system\/","name":"15\" FHD Veterinary Endoscope System - AOSWEL","isPartOf":{"@id":"https:\/\/www.aoswel.com\/#website"},"primaryImageOfPage":{"@id":"https:\/\/www.aoswel.com\/product\/fhd-veterinary-endoscope-system\/#primaryimage"},"image":{"@id":"https:\/\/www.aoswel.com\/product\/fhd-veterinary-endoscope-system\/#primaryimage"},"thumbnailUrl":"https:\/\/www.aoswel.com\/wp-content\/uploads\/2024\/05\/15-inch-FHD-Veterinary-Endoscope-System.jpg","datePublished":"2024-05-29T07:54:16+00:00","dateModified":"2025-04-12T20:31:43+00:00","description":"FHD Veterinary Endoscope System","breadcrumb":{"@id":"https:\/\/www.aoswel.com\/product\/fhd-veterinary-endoscope-system\/#breadcrumb"},"inLanguage":"sv-SE","potentialAction":[{"@type":"ReadAction","target":["https:\/\/www.aoswel.com\/product\/fhd-veterinary-endoscope-system\/"]}]},{"@type":"ImageObject","inLanguage":"sv-SE","@id":"https:\/\/www.aoswel.com\/product\/fhd-veterinary-endoscope-system\/#primaryimage","url":"https:\/\/www.aoswel.com\/wp-content\/uploads\/2024\/05\/15-inch-FHD-Veterinary-Endoscope-System.jpg","contentUrl":"https:\/\/www.aoswel.com\/wp-content\/uploads\/2024\/05\/15-inch-FHD-Veterinary-Endoscope-System.jpg","width":800,"height":622,"caption":"FHD Veterinary Endoscope System"},{"@type":"BreadcrumbList","@id":"https:\/\/www.aoswel.com\/product\/fhd-veterinary-endoscope-system\/#breadcrumb","itemListElement":[{"@type":"ListItem","position":1,"name":"Products","item":"https:\/\/www.aoswel.com\/products\/"},{"@type":"ListItem","position":2,"name":"15&#8243; FHD Veterinary Endoscope System"}]},{"@type":"WebSite","@id":"https:\/\/www.aoswel.com\/#website","url":"https:\/\/www.aoswel.com\/","name":"AOSWEL","description":"One-Stop Service Of Medical Endoscope Manufacturer","publisher":{"@id":"https:\/\/www.aoswel.com\/#organization"},"potentialAction":[{"@type":"SearchAction","target":{"@type":"EntryPoint","urlTemplate":"https:\/\/www.aoswel.com\/?s={search_term_string}"},"query-input":{"@type":"PropertyValueSpecification","valueRequired":true,"valueName":"search_term_string"}}],"inLanguage":"sv-SE"},{"@type":"Organization","@id":"https:\/\/www.aoswel.com\/#organization","name":"AOSWEL","url":"https:\/\/www.aoswel.com\/","logo":{"@type":"ImageObject","inLanguage":"sv-SE","@id":"https:\/\/www.aoswel.com\/#\/schema\/logo\/image\/","url":"https:\/\/www.aoswel.com\/wp-content\/uploads\/2023\/03\/LOGO.png","contentUrl":"https:\/\/www.aoswel.com\/wp-content\/uploads\/2023\/03\/LOGO.png","width":600,"height":252,"caption":"AOSWEL"},"image":{"@id":"https:\/\/www.aoswel.com\/#\/schema\/logo\/image\/"}}]}},"jetpack_sharing_enabled":true,"_links":{"self":[{"href":"https:\/\/www.aoswel.com\/sv\/wp-json\/wp\/v2\/product\/3055","targetHints":{"allow":["GET"]}}],"collection":[{"href":"https:\/\/www.aoswel.com\/sv\/wp-json\/wp\/v2\/product"}],"about":[{"href":"https:\/\/www.aoswel.com\/sv\/wp-json\/wp\/v2\/types\/product"}],"replies":[{"embeddable":true,"href":"https:\/\/www.aoswel.com\/sv\/wp-json\/wp\/v2\/comments?post=3055"}],"wp:featuredmedia":[{"embeddable":true,"href":"https:\/\/www.aoswel.com\/sv\/wp-json\/wp\/v2\/media\/2902"}],"wp:attachment":[{"href":"https:\/\/www.aoswel.com\/sv\/wp-json\/wp\/v2\/media?parent=3055"}],"wp:term":[{"taxonomy":"product_brand","embeddable":true,"href":"https:\/\/www.aoswel.com\/sv\/wp-json\/wp\/v2\/product_brand?post=3055"},{"taxonomy":"product_cat","embeddable":true,"href":"https:\/\/www.aoswel.com\/sv\/wp-json\/wp\/v2\/product_cat?post=3055"},{"taxonomy":"product_tag","embeddable":true,"href":"https:\/\/www.aoswel.com\/sv\/wp-json\/wp\/v2\/product_tag?post=3055"}],"curies":[{"name":"wp","href":"https:\/\/api.w.org\/{rel}","templated":true}]}}