{"id":3053,"date":"2024-05-29T15:45:33","date_gmt":"2024-05-29T07:45:33","guid":{"rendered":"https:\/\/www.aoswel.com\/?post_type=product&#038;p=3053"},"modified":"2024-07-11T18:06:01","modified_gmt":"2024-07-11T10:06:01","slug":"full-hd-digital-video-colposcope","status":"publish","type":"product","link":"https:\/\/www.aoswel.com\/lv\/product\/full-hd-digital-video-colposcope\/","title":{"rendered":"Full HD digit\u0101lais video kolposkops"},"content":{"rendered":"<h1>Full HD digit\u0101lais video kolposkops<\/h1>\n<h4><strong>Produkta \u012bpa\u0161\u012bbas:<\/strong><\/h4>\n<ol class=\"custom_num list-paddingleft-1\">\n<li class=\"list-undefined1 list--paddingleft-1\">1. Kamera ar ieb\u016bv\u0113tu SD att\u0113lu kr\u0101tuvi, kas var uz\u0146emt, ierakst\u012bt un atska\u0146ot att\u0113lus.<\/li>\n<li class=\"list-undefined2 list--paddingleft-1\">2. Kamera izmanto augstas stabilit\u0101tes LED gaismas avotu, izmanto \u012bpa\u0161u vienotas gaismas tehnolo\u0123iju, lai samazin\u0101tu gaismas atstaro\u0161anu, palielin\u0101tu kalpo\u0161anas laiku, nodro\u0161in\u0101tu lab\u0101ku kr\u0101su samazin\u0101jumu.<\/li>\n<li class=\"list-undefined3 list--paddingleft-1\">3. Kameras kron\u0161teins un kamera izmanto integr\u0101cijas konstrukciju, ar kron\u0161teina \u012bpa\u0161\u0101 augstuma izv\u0113les pozicion\u0113\u0161anas funkciju, kas ir \u0113rt\u0101k lietojama.<\/li>\n<li class=\"list-undefined4 list--paddingleft-1\">4. Full HD 1920*1080p att\u0113la un video izvade, kas padara kl\u012bnisko izmekl\u0113\u0161anu skaidr\u0101ku, re\u0101l\u0101ku un prec\u012bz\u0101ku.<\/li>\n<li class=\"list-undefined5 list--paddingleft-1\">5. Kameru var savienot un savienot ar 2.4G bezvadu t\u0101lvad\u012bbas pulti<\/li>\n<li class=\"list-undefined6 list--paddingleft-1\">6. Rati\u0146iem ir pacel\u0161anas un nolai\u0161anas funkcija.<\/li>\n<li class=\"list-undefined7 list--paddingleft-1\">7. Kolposkopa programmat\u016bra ir sader\u012bga ar PACS sist\u0113mu<\/li>\n<\/ol>\n<figure id=\"attachment_2913\" aria-describedby=\"caption-attachment-2913\" style=\"width: 800px\" class=\"wp-caption alignnone\"><img fetchpriority=\"high\" decoding=\"async\" class=\"wp-image-2913 size-full\" src=\"https:\/\/www.aoswel.com\/wp-content\/uploads\/2024\/05\/Full-HD-Digital-Video-Colposcope.jpg\" alt=\"Full HD Digital Video Colposcope\" width=\"800\" height=\"622\" srcset=\"https:\/\/www.aoswel.com\/wp-content\/uploads\/2024\/05\/Full-HD-Digital-Video-Colposcope.jpg 800w, https:\/\/www.aoswel.com\/wp-content\/uploads\/2024\/05\/Full-HD-Digital-Video-Colposcope-300x233.jpg 300w, https:\/\/www.aoswel.com\/wp-content\/uploads\/2024\/05\/Full-HD-Digital-Video-Colposcope-768x597.jpg 768w, https:\/\/www.aoswel.com\/wp-content\/uploads\/2024\/05\/Full-HD-Digital-Video-Colposcope-600x467.jpg 600w\" sizes=\"(max-width: 800px) 100vw, 800px\" \/><figcaption id=\"caption-attachment-2913\" class=\"wp-caption-text\">Full HD digit\u0101lais video kolposkops<\/figcaption><\/figure>\n<h4>S\u012bk\u0101ka specifik\u0101cija:<\/h4>\n<p><strong>Tehniskie parametri<\/strong><\/p>\n<div class=\"table\">\n<table style=\"height: 342px;\" width=\"985\" cellspacing=\"0\">\n<tbody>\n<tr>\n<td>1<\/td>\n<td>Kamera<\/td>\n<td>1\/2,8 collu SONY CMOS<\/td>\n<\/tr>\n<tr>\n<td>2<\/td>\n<td>Kop\u0113jais pikse\u013cu skaits<\/td>\n<td>2 100 000 pikse\u013cu<\/td>\n<\/tr>\n<tr>\n<td>3<\/td>\n<td>Att\u0113la izm\u0113rs\uff08Horizont\u0101lais*Vertik\u0101lais\uff09<\/td>\n<td>1920*1080P<\/td>\n<\/tr>\n<tr>\n<td>4<\/td>\n<td>Sken\u0113\u0161anas sist\u0113ma<\/td>\n<td>Progres\u012bv\u0101 sken\u0113\u0161ana<\/td>\n<\/tr>\n<tr>\n<td>5<\/td>\n<td>Kadru nomai\u0146as \u0101trums<\/td>\n<td>60p<\/td>\n<\/tr>\n<tr>\n<td>6<\/td>\n<td>Video izeja<\/td>\n<td>SDI<\/td>\n<\/tr>\n<tr>\n<td>7<\/td>\n<td>Horizon iz\u0161\u0137irtsp\u0113ja<\/td>\n<td>1080l\u012bnijas<\/td>\n<\/tr>\n<tr>\n<td>8<\/td>\n<td>SNR<\/td>\n<td>\u2265 50 dB<\/td>\n<\/tr>\n<\/tbody>\n<\/table>\n<\/div>\n<div class=\"wpforms-container\" id=\"wpforms-1859\"><form id=\"wpforms-form-1859\" class=\"wpforms-validate wpforms-form wpforms-ajax-form\" data-formid=\"1859\" method=\"post\" enctype=\"multipart\/form-data\" action=\"\/lv\/wp-json\/wp\/v2\/product\/3053\" data-token=\"49d80ab2530cd0af2590e354c1887118\" data-token-time=\"1777567058\" data-trp-original-action=\"\/lv\/wp-json\/wp\/v2\/product\/3053\"><noscript class=\"wpforms-error-noscript\">Lai aizpild\u012btu \u0161o veidlapu, l\u016bdzu, iesp\u0113jojiet JavaScript sav\u0101 p\u0101rl\u016bkprogramm\u0101.<\/noscript><div class=\"wpforms-field-container\"><div id=\"wpforms-1859-field_0-container\" class=\"wpforms-field wpforms-field-name\" data-field-id=\"0\"><label class=\"wpforms-field-label\" for=\"wpforms-1859-field_0\">Nosaukums <span class=\"wpforms-required-label\">*<\/span><\/label><input type=\"text\" id=\"wpforms-1859-field_0\" class=\"wpforms-field-medium wpforms-field-required\" name=\"wpforms[fields][0]\" required><\/div><div id=\"wpforms-1859-field_1-container\" class=\"wpforms-field wpforms-field-email\" data-field-id=\"1\"><label class=\"wpforms-field-label\" for=\"wpforms-1859-field_1\">E-pasts <span class=\"wpforms-required-label\">*<\/span><\/label><input type=\"email\" id=\"wpforms-1859-field_1\" class=\"wpforms-field-medium wpforms-field-required\" name=\"wpforms[fields][1]\" spellcheck=\"false\" required><\/div><div id=\"wpforms-1859-field_2-container\" class=\"wpforms-field wpforms-field-textarea\" data-field-id=\"2\"><label class=\"wpforms-field-label\" for=\"wpforms-1859-field_2\">Zi\u0146a<\/label><textarea id=\"wpforms-1859-field_2\" class=\"wpforms-field-medium\" name=\"wpforms[fields][2]\" ><\/textarea><\/div><\/div><!-- .wpforms-field-container --><div class=\"wpforms-recaptcha-container wpforms-is-recaptcha wpforms-is-recaptcha-type-v2\" ><div class=\"g-recaptcha\" data-sitekey=\"6LdTpxoqAAAAAIzKlVIE-V0Bxf_p_IQyTqMHvU3D\"><\/div><input type=\"text\" name=\"g-recaptcha-hidden\" class=\"wpforms-recaptcha-hidden\" style=\"position:absolute!important;clip:rect(0,0,0,0)!important;height:1px!important;width:1px!important;border:0!important;overflow:hidden!important;padding:0!important;margin:0!important;\" data-rule-recaptcha=\"1\"><\/div><div class=\"wpforms-submit-container\" ><input type=\"hidden\" name=\"wpforms[id]\" value=\"1859\"><input type=\"hidden\" name=\"page_title\" value=\"\"><input type=\"hidden\" name=\"page_url\" value=\"https:\/\/www.aoswel.com\/lv\/wp-json\/wp\/v2\/product\/3053\"><input type=\"hidden\" name=\"url_referer\" value=\"\"><button type=\"submit\" name=\"wpforms[submit]\" id=\"wpforms-submit-1859\" class=\"wpforms-submit\" data-alt-text=\"Sending...\" data-submit-text=\"Submit\" aria-live=\"assertive\" value=\"wpforms-submit\">Iesniegt<\/button><img decoding=\"async\" src=\"https:\/\/www.aoswel.com\/wp-content\/plugins\/wpforms-lite\/assets\/images\/submit-spin.svg\" class=\"wpforms-submit-spinner\" style=\"display: none;\" width=\"26\" height=\"26\" alt=\"Loading\"><\/div><input type=\"hidden\" name=\"trp-form-language\" value=\"lv\"\/><\/form><\/div>  <!-- .wpforms-container -->","protected":false},"excerpt":{"rendered":"<p><strong>A:<\/strong> Kamera ar ieb\u016bv\u0113tu SD att\u0113lu kr\u0101tuvi,<\/p>\n<p><strong>B:<\/strong> Var\u0113tu uz\u0146emt,<\/p>\n<p><strong>C:<\/strong> Ierakst\u012b\u0161ana un atska\u0146o\u0161ana<\/p>","protected":false},"featured_media":2913,"comment_status":"open","ping_status":"closed","template":"","meta":{"site-sidebar-layout":"default","site-content-layout":"","ast-site-content-layout":"default","site-content-style":"default","site-sidebar-style":"default","ast-global-header-display":"","ast-banner-title-visibility":"","ast-main-header-display":"","ast-hfb-above-header-display":"","ast-hfb-below-header-display":"","ast-hfb-mobile-header-display":"","site-post-title":"","ast-breadcrumbs-content":"","ast-featured-img":"","footer-sml-layout":"","ast-disable-related-posts":"","theme-transparent-header-meta":"","adv-header-id-meta":"","stick-header-meta":"","header-above-stick-meta":"","header-main-stick-meta":"","header-below-stick-meta":"","astra-migrate-meta-layouts":"default","ast-page-background-enabled":"default","ast-page-background-meta":{"desktop":{"background-color":"","background-image":"","background-repeat":"repeat","background-position":"center center","background-size":"auto","background-attachment":"scroll","background-type":"","background-media":"","overlay-type":"","overlay-color":"","overlay-opacity":"","overlay-gradient":""},"tablet":{"background-color":"","background-image":"","background-repeat":"repeat","background-position":"center center","background-size":"auto","background-attachment":"scroll","background-type":"","background-media":"","overlay-type":"","overlay-color":"","overlay-opacity":"","overlay-gradient":""},"mobile":{"background-color":"","background-image":"","background-repeat":"repeat","background-position":"center center","background-size":"auto","background-attachment":"scroll","background-type":"","background-media":"","overlay-type":"","overlay-color":"","overlay-opacity":"","overlay-gradient":""}},"ast-content-background-meta":{"desktop":{"background-color":"var(--ast-global-color-5)","background-image":"","background-repeat":"repeat","background-position":"center center","background-size":"auto","background-attachment":"scroll","background-type":"","background-media":"","overlay-type":"","overlay-color":"","overlay-opacity":"","overlay-gradient":""},"tablet":{"background-color":"var(--ast-global-color-5)","background-image":"","background-repeat":"repeat","background-position":"center center","background-size":"auto","background-attachment":"scroll","background-type":"","background-media":"","overlay-type":"","overlay-color":"","overlay-opacity":"","overlay-gradient":""},"mobile":{"background-color":"var(--ast-global-color-5)","background-image":"","background-repeat":"repeat","background-position":"center center","background-size":"auto","background-attachment":"scroll","background-type":"","background-media":"","overlay-type":"","overlay-color":"","overlay-opacity":"","overlay-gradient":""}}},"product_brand":[],"product_cat":[150],"product_tag":[151,152],"class_list":{"0":"post-3053","1":"product","2":"type-product","3":"status-publish","4":"has-post-thumbnail","6":"product_cat-colposcope","7":"product_tag-colposcope","8":"product_tag-full-hd-digital-video-colposcope","9":"desktop-align-left","10":"tablet-align-left","11":"mobile-align-left","13":"first","14":"instock","15":"shipping-taxable","16":"product-type-simple"},"yoast_head":"<!-- This site is optimized with the Yoast SEO plugin v27.2 - https:\/\/yoast.com\/product\/yoast-seo-wordpress\/ -->\n<title>Full HD Digital Video Colposcope - AOSWEL<\/title>\n<meta name=\"description\" content=\"Full HD Digital Video Colposcope\" \/>\n<meta name=\"robots\" content=\"index, follow, max-snippet:-1, max-image-preview:large, max-video-preview:-1\" \/>\n<link rel=\"canonical\" href=\"https:\/\/www.aoswel.com\/lv\/product\/full-hd-digital-video-colposcope\/\" \/>\n<meta property=\"og:locale\" content=\"lv_LV\" \/>\n<meta property=\"og:type\" content=\"article\" \/>\n<meta property=\"og:title\" content=\"Full HD Digital Video Colposcope - AOSWEL\" \/>\n<meta property=\"og:description\" content=\"Full HD Digital Video Colposcope\" \/>\n<meta property=\"og:url\" content=\"https:\/\/www.aoswel.com\/lv\/product\/full-hd-digital-video-colposcope\/\" \/>\n<meta property=\"og:site_name\" content=\"AOSWEL\" \/>\n<meta property=\"article:modified_time\" content=\"2024-07-11T10:06:01+00:00\" \/>\n<meta property=\"og:image\" content=\"https:\/\/www.aoswel.com\/wp-content\/uploads\/2024\/05\/Full-HD-Digital-Video-Colposcope.jpg\" \/>\n\t<meta property=\"og:image:width\" content=\"800\" \/>\n\t<meta property=\"og:image:height\" content=\"622\" \/>\n\t<meta property=\"og:image:type\" content=\"image\/jpeg\" \/>\n<meta name=\"twitter:card\" content=\"summary_large_image\" \/>\n<meta name=\"twitter:label1\" content=\"Est. reading time\" \/>\n\t<meta name=\"twitter:data1\" content=\"2 minutes\" \/>\n<script type=\"application\/ld+json\" class=\"yoast-schema-graph\">{\"@context\":\"https:\/\/schema.org\",\"@graph\":[{\"@type\":\"WebPage\",\"@id\":\"https:\/\/www.aoswel.com\/product\/full-hd-digital-video-colposcope\/\",\"url\":\"https:\/\/www.aoswel.com\/product\/full-hd-digital-video-colposcope\/\",\"name\":\"Full HD Digital Video Colposcope - AOSWEL\",\"isPartOf\":{\"@id\":\"https:\/\/www.aoswel.com\/#website\"},\"primaryImageOfPage\":{\"@id\":\"https:\/\/www.aoswel.com\/product\/full-hd-digital-video-colposcope\/#primaryimage\"},\"image\":{\"@id\":\"https:\/\/www.aoswel.com\/product\/full-hd-digital-video-colposcope\/#primaryimage\"},\"thumbnailUrl\":\"https:\/\/www.aoswel.com\/wp-content\/uploads\/2024\/05\/Full-HD-Digital-Video-Colposcope.jpg\",\"datePublished\":\"2024-05-29T07:45:33+00:00\",\"dateModified\":\"2024-07-11T10:06:01+00:00\",\"description\":\"Full HD Digital Video Colposcope\",\"breadcrumb\":{\"@id\":\"https:\/\/www.aoswel.com\/product\/full-hd-digital-video-colposcope\/#breadcrumb\"},\"inLanguage\":\"lv\",\"potentialAction\":[{\"@type\":\"ReadAction\",\"target\":[\"https:\/\/www.aoswel.com\/product\/full-hd-digital-video-colposcope\/\"]}]},{\"@type\":\"ImageObject\",\"inLanguage\":\"lv\",\"@id\":\"https:\/\/www.aoswel.com\/product\/full-hd-digital-video-colposcope\/#primaryimage\",\"url\":\"https:\/\/www.aoswel.com\/wp-content\/uploads\/2024\/05\/Full-HD-Digital-Video-Colposcope.jpg\",\"contentUrl\":\"https:\/\/www.aoswel.com\/wp-content\/uploads\/2024\/05\/Full-HD-Digital-Video-Colposcope.jpg\",\"width\":800,\"height\":622,\"caption\":\"Full HD Digital Video Colposcope\"},{\"@type\":\"BreadcrumbList\",\"@id\":\"https:\/\/www.aoswel.com\/product\/full-hd-digital-video-colposcope\/#breadcrumb\",\"itemListElement\":[{\"@type\":\"ListItem\",\"position\":1,\"name\":\"Products\",\"item\":\"https:\/\/www.aoswel.com\/products\/\"},{\"@type\":\"ListItem\",\"position\":2,\"name\":\"Full HD Digital Video Colposcope\"}]},{\"@type\":\"WebSite\",\"@id\":\"https:\/\/www.aoswel.com\/#website\",\"url\":\"https:\/\/www.aoswel.com\/\",\"name\":\"AOSWEL\",\"description\":\"One-Stop Service Of Medical Endoscope Manufacturer\",\"publisher\":{\"@id\":\"https:\/\/www.aoswel.com\/#organization\"},\"potentialAction\":[{\"@type\":\"SearchAction\",\"target\":{\"@type\":\"EntryPoint\",\"urlTemplate\":\"https:\/\/www.aoswel.com\/?s={search_term_string}\"},\"query-input\":{\"@type\":\"PropertyValueSpecification\",\"valueRequired\":true,\"valueName\":\"search_term_string\"}}],\"inLanguage\":\"lv\"},{\"@type\":\"Organization\",\"@id\":\"https:\/\/www.aoswel.com\/#organization\",\"name\":\"AOSWEL\",\"url\":\"https:\/\/www.aoswel.com\/\",\"logo\":{\"@type\":\"ImageObject\",\"inLanguage\":\"lv\",\"@id\":\"https:\/\/www.aoswel.com\/#\/schema\/logo\/image\/\",\"url\":\"https:\/\/www.aoswel.com\/wp-content\/uploads\/2023\/03\/LOGO.png\",\"contentUrl\":\"https:\/\/www.aoswel.com\/wp-content\/uploads\/2023\/03\/LOGO.png\",\"width\":600,\"height\":252,\"caption\":\"AOSWEL\"},\"image\":{\"@id\":\"https:\/\/www.aoswel.com\/#\/schema\/logo\/image\/\"}}]}<\/script>\n<!-- \/ Yoast SEO plugin. -->","yoast_head_json":{"title":"Full HD Digital Video Colposcope - AOSWEL","description":"Full HD Digital Video Colposcope","robots":{"index":"index","follow":"follow","max-snippet":"max-snippet:-1","max-image-preview":"max-image-preview:large","max-video-preview":"max-video-preview:-1"},"canonical":"https:\/\/www.aoswel.com\/lv\/product\/full-hd-digital-video-colposcope\/","og_locale":"lv_LV","og_type":"article","og_title":"Full HD Digital Video Colposcope - AOSWEL","og_description":"Full HD Digital Video Colposcope","og_url":"https:\/\/www.aoswel.com\/lv\/product\/full-hd-digital-video-colposcope\/","og_site_name":"AOSWEL","article_modified_time":"2024-07-11T10:06:01+00:00","og_image":[{"width":800,"height":622,"url":"https:\/\/www.aoswel.com\/wp-content\/uploads\/2024\/05\/Full-HD-Digital-Video-Colposcope.jpg","type":"image\/jpeg"}],"twitter_card":"summary_large_image","twitter_misc":{"Est. reading time":"2 minutes"},"schema":{"@context":"https:\/\/schema.org","@graph":[{"@type":"WebPage","@id":"https:\/\/www.aoswel.com\/product\/full-hd-digital-video-colposcope\/","url":"https:\/\/www.aoswel.com\/product\/full-hd-digital-video-colposcope\/","name":"Full HD Digital Video Colposcope - AOSWEL","isPartOf":{"@id":"https:\/\/www.aoswel.com\/#website"},"primaryImageOfPage":{"@id":"https:\/\/www.aoswel.com\/product\/full-hd-digital-video-colposcope\/#primaryimage"},"image":{"@id":"https:\/\/www.aoswel.com\/product\/full-hd-digital-video-colposcope\/#primaryimage"},"thumbnailUrl":"https:\/\/www.aoswel.com\/wp-content\/uploads\/2024\/05\/Full-HD-Digital-Video-Colposcope.jpg","datePublished":"2024-05-29T07:45:33+00:00","dateModified":"2024-07-11T10:06:01+00:00","description":"Full HD Digital Video Colposcope","breadcrumb":{"@id":"https:\/\/www.aoswel.com\/product\/full-hd-digital-video-colposcope\/#breadcrumb"},"inLanguage":"lv","potentialAction":[{"@type":"ReadAction","target":["https:\/\/www.aoswel.com\/product\/full-hd-digital-video-colposcope\/"]}]},{"@type":"ImageObject","inLanguage":"lv","@id":"https:\/\/www.aoswel.com\/product\/full-hd-digital-video-colposcope\/#primaryimage","url":"https:\/\/www.aoswel.com\/wp-content\/uploads\/2024\/05\/Full-HD-Digital-Video-Colposcope.jpg","contentUrl":"https:\/\/www.aoswel.com\/wp-content\/uploads\/2024\/05\/Full-HD-Digital-Video-Colposcope.jpg","width":800,"height":622,"caption":"Full HD Digital Video Colposcope"},{"@type":"BreadcrumbList","@id":"https:\/\/www.aoswel.com\/product\/full-hd-digital-video-colposcope\/#breadcrumb","itemListElement":[{"@type":"ListItem","position":1,"name":"Products","item":"https:\/\/www.aoswel.com\/products\/"},{"@type":"ListItem","position":2,"name":"Full HD Digital Video Colposcope"}]},{"@type":"WebSite","@id":"https:\/\/www.aoswel.com\/#website","url":"https:\/\/www.aoswel.com\/","name":"AOSWEL","description":"One-Stop Service Of Medical Endoscope Manufacturer","publisher":{"@id":"https:\/\/www.aoswel.com\/#organization"},"potentialAction":[{"@type":"SearchAction","target":{"@type":"EntryPoint","urlTemplate":"https:\/\/www.aoswel.com\/?s={search_term_string}"},"query-input":{"@type":"PropertyValueSpecification","valueRequired":true,"valueName":"search_term_string"}}],"inLanguage":"lv"},{"@type":"Organization","@id":"https:\/\/www.aoswel.com\/#organization","name":"AOSWEL","url":"https:\/\/www.aoswel.com\/","logo":{"@type":"ImageObject","inLanguage":"lv","@id":"https:\/\/www.aoswel.com\/#\/schema\/logo\/image\/","url":"https:\/\/www.aoswel.com\/wp-content\/uploads\/2023\/03\/LOGO.png","contentUrl":"https:\/\/www.aoswel.com\/wp-content\/uploads\/2023\/03\/LOGO.png","width":600,"height":252,"caption":"AOSWEL"},"image":{"@id":"https:\/\/www.aoswel.com\/#\/schema\/logo\/image\/"}}]}},"jetpack_sharing_enabled":true,"_links":{"self":[{"href":"https:\/\/www.aoswel.com\/lv\/wp-json\/wp\/v2\/product\/3053","targetHints":{"allow":["GET"]}}],"collection":[{"href":"https:\/\/www.aoswel.com\/lv\/wp-json\/wp\/v2\/product"}],"about":[{"href":"https:\/\/www.aoswel.com\/lv\/wp-json\/wp\/v2\/types\/product"}],"replies":[{"embeddable":true,"href":"https:\/\/www.aoswel.com\/lv\/wp-json\/wp\/v2\/comments?post=3053"}],"wp:featuredmedia":[{"embeddable":true,"href":"https:\/\/www.aoswel.com\/lv\/wp-json\/wp\/v2\/media\/2913"}],"wp:attachment":[{"href":"https:\/\/www.aoswel.com\/lv\/wp-json\/wp\/v2\/media?parent=3053"}],"wp:term":[{"taxonomy":"product_brand","embeddable":true,"href":"https:\/\/www.aoswel.com\/lv\/wp-json\/wp\/v2\/product_brand?post=3053"},{"taxonomy":"product_cat","embeddable":true,"href":"https:\/\/www.aoswel.com\/lv\/wp-json\/wp\/v2\/product_cat?post=3053"},{"taxonomy":"product_tag","embeddable":true,"href":"https:\/\/www.aoswel.com\/lv\/wp-json\/wp\/v2\/product_tag?post=3053"}],"curies":[{"name":"wp","href":"https:\/\/api.w.org\/{rel}","templated":true}]}}