{"id":3194,"date":"2024-07-05T16:46:13","date_gmt":"2024-07-05T08:46:13","guid":{"rendered":"https:\/\/www.aoswel.com\/?post_type=product&#038;p=3194"},"modified":"2025-03-22T16:25:12","modified_gmt":"2025-03-22T08:25:12","slug":"wheelchair-power-assist-booster","status":"publish","type":"product","link":"https:\/\/www.aoswel.com\/fr\/product\/wheelchair-power-assist-booster\/","title":{"rendered":"Booster d'assistance pour fauteuils roulants"},"content":{"rendered":"<h1 class=\"product_title entry-title\">Booster d'assistance pour fauteuils roulants<\/h1>\n<p>Booster d'assistance \u00e9lectrique de haute qualit\u00e9 pour fauteuils roulants<\/p>\n<figure id=\"attachment_3195\" aria-describedby=\"caption-attachment-3195\" style=\"width: 854px\" class=\"wp-caption alignnone\"><img fetchpriority=\"high\" decoding=\"async\" class=\"wp-image-3195 size-full\" src=\"https:\/\/www.aoswel.com\/wp-content\/uploads\/2024\/07\/\u5fae\u4fe1\u622a\u56fe_20230605224340.jpg\" alt=\"Wheelchair Power Assist Booster\" width=\"854\" height=\"709\" srcset=\"https:\/\/www.aoswel.com\/wp-content\/uploads\/2024\/07\/\u5fae\u4fe1\u622a\u56fe_20230605224340.jpg 854w, https:\/\/www.aoswel.com\/wp-content\/uploads\/2024\/07\/\u5fae\u4fe1\u622a\u56fe_20230605224340-300x249.jpg 300w, https:\/\/www.aoswel.com\/wp-content\/uploads\/2024\/07\/\u5fae\u4fe1\u622a\u56fe_20230605224340-768x638.jpg 768w, https:\/\/www.aoswel.com\/wp-content\/uploads\/2024\/07\/\u5fae\u4fe1\u622a\u56fe_20230605224340-14x12.jpg 14w, https:\/\/www.aoswel.com\/wp-content\/uploads\/2024\/07\/\u5fae\u4fe1\u622a\u56fe_20230605224340-600x498.jpg 600w\" sizes=\"(max-width: 854px) 100vw, 854px\" \/><figcaption id=\"caption-attachment-3195\" class=\"wp-caption-text\">Booster d'assistance pour fauteuils roulants<\/figcaption><\/figure>\n<h4>Sp\u00e9cification :<\/h4>\n<p><span class=\"sec_title\">D\u00e9tail du produit<\/span><\/p>\n<div class=\"magic-4\">\n<p>Sp\u00e9cification : moteur de roue universel sans balais de 8 pouces<br data-filtered=\"filtered\" \/>Mat\u00e9riau : alliage d'aluminium<br data-filtered=\"filtered\" \/>Tension : batterie au lithium 24V<br data-filtered=\"filtered\" \/>Puissance : 250W<br data-filtered=\"filtered\" \/>Courant de fonctionnement : moins de 3A<br data-filtered=\"filtered\" \/>Kilom\u00e9trage : 20 km<\/p>\n<p>Syst\u00e8me de contr\u00f4le : utilisation d'un syst\u00e8me intelligent de force d'entraide.\u00a0<br data-filtered=\"filtered\" \/>Installation : convient aux fauteuils roulants ordinaires, facile \u00e0 monter et \u00e0 d\u00e9monter.<\/p>\n<p>Assistance \u00e0 la conduite arri\u00e8re Assistance intelligente aux fauteuils roulants<\/p>\n<p>OH-B2 Introduction<br data-filtered=\"filtered\" \/>A.  Qui ont trois niveaux de vitesse L\/M\/H pour d\u00e9marrer l'assistance \u00e0 la conduite de votre fauteuil roulant actuel.<\/p>\n<p>B. Lorsque vous souhaitez arr\u00eater l'alimentation \u00e9lectrique pour vous aider \u00e0 conduire le fauteuil roulant, appuyez simplement sur le bouton d'arr\u00eat d'urgence ou sur le bouton d'arr\u00eat de l'alimentation ou sur le bouton de niveau z\u00e9ro.<\/p>\n<p>Veuillez faire attention :<\/p>\n<p>Le syst\u00e8me d'entra\u00eenement vous aide \u00e0 conduire votre fauteuil roulant.<\/p>\n<p>La vitesse maximale en charge est inf\u00e9rieure \u00e0 6 km\/h.<\/p>\n<\/div>\n<p>Si vous souhaitez conduire le syst\u00e8me de fauteuil roulant \u00e0 5km\/h, vous pouvez choisir notre syst\u00e8me de conduite avant.<\/p>\n<p>&nbsp;<\/p>\n<div class=\"product_show_detail_content\">\n<figure id=\"attachment_3196\" aria-describedby=\"caption-attachment-3196\" style=\"width: 1300px\" class=\"wp-caption alignnone\"><img decoding=\"async\" class=\"wp-image-3196 size-full\" src=\"https:\/\/www.aoswel.com\/wp-content\/uploads\/2024\/07\/Button.jpg\" alt=\"Wheelchair Power Assist Booster\" width=\"1300\" height=\"866\" srcset=\"https:\/\/www.aoswel.com\/wp-content\/uploads\/2024\/07\/Button.jpg 1300w, https:\/\/www.aoswel.com\/wp-content\/uploads\/2024\/07\/Button-300x200.jpg 300w, https:\/\/www.aoswel.com\/wp-content\/uploads\/2024\/07\/Button-1024x682.jpg 1024w, https:\/\/www.aoswel.com\/wp-content\/uploads\/2024\/07\/Button-768x512.jpg 768w, https:\/\/www.aoswel.com\/wp-content\/uploads\/2024\/07\/Button-18x12.jpg 18w, https:\/\/www.aoswel.com\/wp-content\/uploads\/2024\/07\/Button-600x400.jpg 600w\" sizes=\"(max-width: 1300px) 100vw, 1300px\" \/><figcaption id=\"caption-attachment-3196\" class=\"wp-caption-text\">Booster d'assistance pour fauteuils roulants<\/figcaption><\/figure>\n<figure id=\"attachment_3197\" aria-describedby=\"caption-attachment-3197\" style=\"width: 1000px\" class=\"wp-caption alignnone\"><img decoding=\"async\" class=\"wp-image-3197 size-full\" src=\"https:\/\/www.aoswel.com\/wp-content\/uploads\/2024\/07\/2022_09_24_08_27_IMG_7329.jpg\" alt=\"Wheelchair Power Assist Booster\" width=\"1000\" height=\"770\" srcset=\"https:\/\/www.aoswel.com\/wp-content\/uploads\/2024\/07\/2022_09_24_08_27_IMG_7329.jpg 1000w, https:\/\/www.aoswel.com\/wp-content\/uploads\/2024\/07\/2022_09_24_08_27_IMG_7329-300x231.jpg 300w, https:\/\/www.aoswel.com\/wp-content\/uploads\/2024\/07\/2022_09_24_08_27_IMG_7329-768x591.jpg 768w, https:\/\/www.aoswel.com\/wp-content\/uploads\/2024\/07\/2022_09_24_08_27_IMG_7329-16x12.jpg 16w, https:\/\/www.aoswel.com\/wp-content\/uploads\/2024\/07\/2022_09_24_08_27_IMG_7329-600x462.jpg 600w\" sizes=\"(max-width: 1000px) 100vw, 1000px\" \/><figcaption id=\"caption-attachment-3197\" class=\"wp-caption-text\">Booster d'assistance pour fauteuils roulants<\/figcaption><\/figure>\n<div class=\"ast-oembed-container\" style=\"height: 100%;\"><iframe title=\"Fauteuil roulant manuel Dispositif d&#039;assistance \u00e9lectrique\" width=\"500\" height=\"281\" src=\"https:\/\/www.youtube.com\/embed\/FSYtKpXq6xA?feature=oembed\" frameborder=\"0\" allow=\"accelerometer; autoplay; clipboard-write; encrypted-media; gyroscope; picture-in-picture; web-share\" referrerpolicy=\"strict-origin-when-cross-origin\" allowfullscreen><\/iframe><\/div>\n<\/div>\n<div class=\"wpforms-container\" id=\"wpforms-1859\"><form id=\"wpforms-form-1859\" class=\"wpforms-validate wpforms-form wpforms-ajax-form\" data-formid=\"1859\" method=\"post\" enctype=\"multipart\/form-data\" action=\"\/fr\/wp-json\/wp\/v2\/product\/3194\" data-token=\"49d80ab2530cd0af2590e354c1887118\" data-token-time=\"1777571908\" data-trp-original-action=\"\/fr\/wp-json\/wp\/v2\/product\/3194\"><noscript class=\"wpforms-error-noscript\">Veuillez activer JavaScript dans votre navigateur pour remplir ce formulaire.<\/noscript><div class=\"wpforms-field-container\"><div id=\"wpforms-1859-field_0-container\" class=\"wpforms-field wpforms-field-name\" data-field-id=\"0\"><label class=\"wpforms-field-label\" for=\"wpforms-1859-field_0\">Nom <span class=\"wpforms-required-label\">*<\/span><\/label><input type=\"text\" id=\"wpforms-1859-field_0\" class=\"wpforms-field-medium wpforms-field-required\" name=\"wpforms[fields][0]\" required><\/div><div id=\"wpforms-1859-field_1-container\" class=\"wpforms-field wpforms-field-email\" data-field-id=\"1\"><label class=\"wpforms-field-label\" for=\"wpforms-1859-field_1\">Courriel <span class=\"wpforms-required-label\">*<\/span><\/label><input type=\"email\" id=\"wpforms-1859-field_1\" class=\"wpforms-field-medium wpforms-field-required\" name=\"wpforms[fields][1]\" spellcheck=\"false\" required><\/div><div id=\"wpforms-1859-field_2-container\" class=\"wpforms-field wpforms-field-textarea\" data-field-id=\"2\"><label class=\"wpforms-field-label\" for=\"wpforms-1859-field_2\">Message<\/label><textarea id=\"wpforms-1859-field_2\" class=\"wpforms-field-medium\" name=\"wpforms[fields][2]\" ><\/textarea><\/div><\/div><!-- .wpforms-field-container --><div class=\"wpforms-recaptcha-container wpforms-is-recaptcha wpforms-is-recaptcha-type-v2\" ><div class=\"g-recaptcha\" data-sitekey=\"6LdTpxoqAAAAAIzKlVIE-V0Bxf_p_IQyTqMHvU3D\"><\/div><input type=\"text\" name=\"g-recaptcha-hidden\" class=\"wpforms-recaptcha-hidden\" style=\"position:absolute!important;clip:rect(0,0,0,0)!important;height:1px!important;width:1px!important;border:0!important;overflow:hidden!important;padding:0!important;margin:0!important;\" data-rule-recaptcha=\"1\"><\/div><div class=\"wpforms-submit-container\" ><input type=\"hidden\" name=\"wpforms[id]\" value=\"1859\"><input type=\"hidden\" name=\"page_title\" value=\"\"><input type=\"hidden\" name=\"page_url\" value=\"https:\/\/www.aoswel.com\/fr\/wp-json\/wp\/v2\/product\/3194\"><input type=\"hidden\" name=\"url_referer\" value=\"\"><button type=\"submit\" name=\"wpforms[submit]\" id=\"wpforms-submit-1859\" class=\"wpforms-submit\" data-alt-text=\"Sending...\" data-submit-text=\"Submit\" aria-live=\"assertive\" value=\"wpforms-submit\">Soumettre<\/button><img loading=\"lazy\" decoding=\"async\" src=\"https:\/\/www.aoswel.com\/wp-content\/plugins\/wpforms-lite\/assets\/images\/submit-spin.svg\" class=\"wpforms-submit-spinner\" style=\"display: none;\" width=\"26\" height=\"26\" alt=\"Loading\"><\/div><input type=\"hidden\" name=\"trp-form-language\" value=\"fr\"\/><\/form><\/div>  <!-- .wpforms-container -->","protected":false},"excerpt":{"rendered":"<ul>\n<li>Syst\u00e8me d'entra\u00eenement arri\u00e8re<\/li>\n<li>Int\u00e9gr\u00e9e dans une batterie au lithium<\/li>\n<li>Fauteuil roulant \u00e0 assistance \u00e9lectrique<\/li>\n<li>Fauteuil roulant manuel Booster d'assistance \u00e9lectrique<\/li>\n<\/ul>","protected":false},"featured_media":3198,"comment_status":"open","ping_status":"closed","template":"","meta":{"site-sidebar-layout":"default","site-content-layout":"","ast-site-content-layout":"default","site-content-style":"default","site-sidebar-style":"default","ast-global-header-display":"","ast-banner-title-visibility":"","ast-main-header-display":"","ast-hfb-above-header-display":"","ast-hfb-below-header-display":"","ast-hfb-mobile-header-display":"","site-post-title":"","ast-breadcrumbs-content":"","ast-featured-img":"","footer-sml-layout":"","ast-disable-related-posts":"","theme-transparent-header-meta":"","adv-header-id-meta":"","stick-header-meta":"","header-above-stick-meta":"","header-main-stick-meta":"","header-below-stick-meta":"","astra-migrate-meta-layouts":"default","ast-page-background-enabled":"default","ast-page-background-meta":{"desktop":{"background-color":"","background-image":"","background-repeat":"repeat","background-position":"center center","background-size":"auto","background-attachment":"scroll","background-type":"","background-media":"","overlay-type":"","overlay-color":"","overlay-opacity":"","overlay-gradient":""},"tablet":{"background-color":"","background-image":"","background-repeat":"repeat","background-position":"center center","background-size":"auto","background-attachment":"scroll","background-type":"","background-media":"","overlay-type":"","overlay-color":"","overlay-opacity":"","overlay-gradient":""},"mobile":{"background-color":"","background-image":"","background-repeat":"repeat","background-position":"center center","background-size":"auto","background-attachment":"scroll","background-type":"","background-media":"","overlay-type":"","overlay-color":"","overlay-opacity":"","overlay-gradient":""}},"ast-content-background-meta":{"desktop":{"background-color":"var(--ast-global-color-5)","background-image":"","background-repeat":"repeat","background-position":"center center","background-size":"auto","background-attachment":"scroll","background-type":"","background-media":"","overlay-type":"","overlay-color":"","overlay-opacity":"","overlay-gradient":""},"tablet":{"background-color":"var(--ast-global-color-5)","background-image":"","background-repeat":"repeat","background-position":"center center","background-size":"auto","background-attachment":"scroll","background-type":"","background-media":"","overlay-type":"","overlay-color":"","overlay-opacity":"","overlay-gradient":""},"mobile":{"background-color":"var(--ast-global-color-5)","background-image":"","background-repeat":"repeat","background-position":"center center","background-size":"auto","background-attachment":"scroll","background-type":"","background-media":"","overlay-type":"","overlay-color":"","overlay-opacity":"","overlay-gradient":""}}},"product_brand":[],"product_cat":[178],"product_tag":[180,182,183,179,181],"class_list":{"0":"post-3194","1":"product","2":"type-product","3":"status-publish","4":"has-post-thumbnail","6":"product_cat-wheelchair-assist-device","7":"product_tag-electric-wheelchair-assist","8":"product_tag-wheelchair-assist-drive-attachment","9":"product_tag-wheelchair-drive-attachment","10":"product_tag-wheelchair-power-assist-booster","11":"product_tag-wheelchair-power-assist-system","12":"desktop-align-left","13":"tablet-align-left","14":"mobile-align-left","16":"first","17":"instock","18":"shipping-taxable","19":"product-type-simple"},"yoast_head":"<!-- This site is optimized with the Yoast SEO plugin v27.2 - https:\/\/yoast.com\/product\/yoast-seo-wordpress\/ -->\n<title>Wheelchair Power Assist Booster - AOSWEL<\/title>\n<meta name=\"description\" content=\"AOSWEL is the professional manufacturer of Wheelchair Power Assist Booster\" \/>\n<meta name=\"robots\" content=\"index, follow, max-snippet:-1, max-image-preview:large, max-video-preview:-1\" \/>\n<link rel=\"canonical\" href=\"https:\/\/www.aoswel.com\/fr\/product\/wheelchair-power-assist-booster\/\" \/>\n<meta property=\"og:locale\" content=\"fr_FR\" \/>\n<meta property=\"og:type\" content=\"article\" \/>\n<meta property=\"og:title\" content=\"Wheelchair Power Assist Booster - AOSWEL\" \/>\n<meta property=\"og:description\" content=\"AOSWEL is the professional manufacturer of Wheelchair Power Assist Booster\" \/>\n<meta property=\"og:url\" content=\"https:\/\/www.aoswel.com\/fr\/product\/wheelchair-power-assist-booster\/\" \/>\n<meta property=\"og:site_name\" content=\"AOSWEL\" \/>\n<meta property=\"article:modified_time\" content=\"2025-03-22T08:25:12+00:00\" \/>\n<meta property=\"og:image\" content=\"https:\/\/www.aoswel.com\/wp-content\/uploads\/2024\/07\/b2.jpg\" \/>\n\t<meta property=\"og:image:width\" content=\"1000\" \/>\n\t<meta property=\"og:image:height\" content=\"666\" \/>\n\t<meta property=\"og:image:type\" content=\"image\/jpeg\" \/>\n<meta name=\"twitter:card\" content=\"summary_large_image\" \/>\n<meta name=\"twitter:label1\" content=\"Est. reading time\" \/>\n\t<meta name=\"twitter:data1\" content=\"2 minutes\" \/>\n<script type=\"application\/ld+json\" class=\"yoast-schema-graph\">{\"@context\":\"https:\/\/schema.org\",\"@graph\":[{\"@type\":\"WebPage\",\"@id\":\"https:\/\/www.aoswel.com\/product\/wheelchair-power-assist-booster\/\",\"url\":\"https:\/\/www.aoswel.com\/product\/wheelchair-power-assist-booster\/\",\"name\":\"Wheelchair Power Assist Booster - AOSWEL\",\"isPartOf\":{\"@id\":\"https:\/\/www.aoswel.com\/#website\"},\"primaryImageOfPage\":{\"@id\":\"https:\/\/www.aoswel.com\/product\/wheelchair-power-assist-booster\/#primaryimage\"},\"image\":{\"@id\":\"https:\/\/www.aoswel.com\/product\/wheelchair-power-assist-booster\/#primaryimage\"},\"thumbnailUrl\":\"https:\/\/www.aoswel.com\/wp-content\/uploads\/2024\/07\/b2.jpg\",\"datePublished\":\"2024-07-05T08:46:13+00:00\",\"dateModified\":\"2025-03-22T08:25:12+00:00\",\"description\":\"AOSWEL is the professional manufacturer of Wheelchair Power Assist Booster\",\"breadcrumb\":{\"@id\":\"https:\/\/www.aoswel.com\/product\/wheelchair-power-assist-booster\/#breadcrumb\"},\"inLanguage\":\"fr-FR\",\"potentialAction\":[{\"@type\":\"ReadAction\",\"target\":[\"https:\/\/www.aoswel.com\/product\/wheelchair-power-assist-booster\/\"]}]},{\"@type\":\"ImageObject\",\"inLanguage\":\"fr-FR\",\"@id\":\"https:\/\/www.aoswel.com\/product\/wheelchair-power-assist-booster\/#primaryimage\",\"url\":\"https:\/\/www.aoswel.com\/wp-content\/uploads\/2024\/07\/b2.jpg\",\"contentUrl\":\"https:\/\/www.aoswel.com\/wp-content\/uploads\/2024\/07\/b2.jpg\",\"width\":1000,\"height\":666,\"caption\":\"Wheelchair Power Assist Booster\"},{\"@type\":\"BreadcrumbList\",\"@id\":\"https:\/\/www.aoswel.com\/product\/wheelchair-power-assist-booster\/#breadcrumb\",\"itemListElement\":[{\"@type\":\"ListItem\",\"position\":1,\"name\":\"Products\",\"item\":\"https:\/\/www.aoswel.com\/products\/\"},{\"@type\":\"ListItem\",\"position\":2,\"name\":\"Wheelchair Power Assist Booster\"}]},{\"@type\":\"WebSite\",\"@id\":\"https:\/\/www.aoswel.com\/#website\",\"url\":\"https:\/\/www.aoswel.com\/\",\"name\":\"AOSWEL\",\"description\":\"One-Stop Service Of Medical Endoscope Manufacturer\",\"publisher\":{\"@id\":\"https:\/\/www.aoswel.com\/#organization\"},\"potentialAction\":[{\"@type\":\"SearchAction\",\"target\":{\"@type\":\"EntryPoint\",\"urlTemplate\":\"https:\/\/www.aoswel.com\/?s={search_term_string}\"},\"query-input\":{\"@type\":\"PropertyValueSpecification\",\"valueRequired\":true,\"valueName\":\"search_term_string\"}}],\"inLanguage\":\"fr-FR\"},{\"@type\":\"Organization\",\"@id\":\"https:\/\/www.aoswel.com\/#organization\",\"name\":\"AOSWEL\",\"url\":\"https:\/\/www.aoswel.com\/\",\"logo\":{\"@type\":\"ImageObject\",\"inLanguage\":\"fr-FR\",\"@id\":\"https:\/\/www.aoswel.com\/#\/schema\/logo\/image\/\",\"url\":\"https:\/\/www.aoswel.com\/wp-content\/uploads\/2023\/03\/LOGO.png\",\"contentUrl\":\"https:\/\/www.aoswel.com\/wp-content\/uploads\/2023\/03\/LOGO.png\",\"width\":600,\"height\":252,\"caption\":\"AOSWEL\"},\"image\":{\"@id\":\"https:\/\/www.aoswel.com\/#\/schema\/logo\/image\/\"}}]}<\/script>\n<!-- \/ Yoast SEO plugin. -->","yoast_head_json":{"title":"Wheelchair Power Assist Booster - AOSWEL","description":"AOSWEL is the professional manufacturer of Wheelchair Power Assist Booster","robots":{"index":"index","follow":"follow","max-snippet":"max-snippet:-1","max-image-preview":"max-image-preview:large","max-video-preview":"max-video-preview:-1"},"canonical":"https:\/\/www.aoswel.com\/fr\/product\/wheelchair-power-assist-booster\/","og_locale":"fr_FR","og_type":"article","og_title":"Wheelchair Power Assist Booster - AOSWEL","og_description":"AOSWEL is the professional manufacturer of Wheelchair Power Assist Booster","og_url":"https:\/\/www.aoswel.com\/fr\/product\/wheelchair-power-assist-booster\/","og_site_name":"AOSWEL","article_modified_time":"2025-03-22T08:25:12+00:00","og_image":[{"width":1000,"height":666,"url":"https:\/\/www.aoswel.com\/wp-content\/uploads\/2024\/07\/b2.jpg","type":"image\/jpeg"}],"twitter_card":"summary_large_image","twitter_misc":{"Est. reading time":"2 minutes"},"schema":{"@context":"https:\/\/schema.org","@graph":[{"@type":"WebPage","@id":"https:\/\/www.aoswel.com\/product\/wheelchair-power-assist-booster\/","url":"https:\/\/www.aoswel.com\/product\/wheelchair-power-assist-booster\/","name":"Wheelchair Power Assist Booster - AOSWEL","isPartOf":{"@id":"https:\/\/www.aoswel.com\/#website"},"primaryImageOfPage":{"@id":"https:\/\/www.aoswel.com\/product\/wheelchair-power-assist-booster\/#primaryimage"},"image":{"@id":"https:\/\/www.aoswel.com\/product\/wheelchair-power-assist-booster\/#primaryimage"},"thumbnailUrl":"https:\/\/www.aoswel.com\/wp-content\/uploads\/2024\/07\/b2.jpg","datePublished":"2024-07-05T08:46:13+00:00","dateModified":"2025-03-22T08:25:12+00:00","description":"AOSWEL is the professional manufacturer of Wheelchair Power Assist Booster","breadcrumb":{"@id":"https:\/\/www.aoswel.com\/product\/wheelchair-power-assist-booster\/#breadcrumb"},"inLanguage":"fr-FR","potentialAction":[{"@type":"ReadAction","target":["https:\/\/www.aoswel.com\/product\/wheelchair-power-assist-booster\/"]}]},{"@type":"ImageObject","inLanguage":"fr-FR","@id":"https:\/\/www.aoswel.com\/product\/wheelchair-power-assist-booster\/#primaryimage","url":"https:\/\/www.aoswel.com\/wp-content\/uploads\/2024\/07\/b2.jpg","contentUrl":"https:\/\/www.aoswel.com\/wp-content\/uploads\/2024\/07\/b2.jpg","width":1000,"height":666,"caption":"Wheelchair Power Assist Booster"},{"@type":"BreadcrumbList","@id":"https:\/\/www.aoswel.com\/product\/wheelchair-power-assist-booster\/#breadcrumb","itemListElement":[{"@type":"ListItem","position":1,"name":"Products","item":"https:\/\/www.aoswel.com\/products\/"},{"@type":"ListItem","position":2,"name":"Wheelchair Power Assist Booster"}]},{"@type":"WebSite","@id":"https:\/\/www.aoswel.com\/#website","url":"https:\/\/www.aoswel.com\/","name":"AOSWEL","description":"One-Stop Service Of Medical Endoscope Manufacturer","publisher":{"@id":"https:\/\/www.aoswel.com\/#organization"},"potentialAction":[{"@type":"SearchAction","target":{"@type":"EntryPoint","urlTemplate":"https:\/\/www.aoswel.com\/?s={search_term_string}"},"query-input":{"@type":"PropertyValueSpecification","valueRequired":true,"valueName":"search_term_string"}}],"inLanguage":"fr-FR"},{"@type":"Organization","@id":"https:\/\/www.aoswel.com\/#organization","name":"AOSWEL","url":"https:\/\/www.aoswel.com\/","logo":{"@type":"ImageObject","inLanguage":"fr-FR","@id":"https:\/\/www.aoswel.com\/#\/schema\/logo\/image\/","url":"https:\/\/www.aoswel.com\/wp-content\/uploads\/2023\/03\/LOGO.png","contentUrl":"https:\/\/www.aoswel.com\/wp-content\/uploads\/2023\/03\/LOGO.png","width":600,"height":252,"caption":"AOSWEL"},"image":{"@id":"https:\/\/www.aoswel.com\/#\/schema\/logo\/image\/"}}]}},"jetpack_sharing_enabled":true,"_links":{"self":[{"href":"https:\/\/www.aoswel.com\/fr\/wp-json\/wp\/v2\/product\/3194","targetHints":{"allow":["GET"]}}],"collection":[{"href":"https:\/\/www.aoswel.com\/fr\/wp-json\/wp\/v2\/product"}],"about":[{"href":"https:\/\/www.aoswel.com\/fr\/wp-json\/wp\/v2\/types\/product"}],"replies":[{"embeddable":true,"href":"https:\/\/www.aoswel.com\/fr\/wp-json\/wp\/v2\/comments?post=3194"}],"wp:featuredmedia":[{"embeddable":true,"href":"https:\/\/www.aoswel.com\/fr\/wp-json\/wp\/v2\/media\/3198"}],"wp:attachment":[{"href":"https:\/\/www.aoswel.com\/fr\/wp-json\/wp\/v2\/media?parent=3194"}],"wp:term":[{"taxonomy":"product_brand","embeddable":true,"href":"https:\/\/www.aoswel.com\/fr\/wp-json\/wp\/v2\/product_brand?post=3194"},{"taxonomy":"product_cat","embeddable":true,"href":"https:\/\/www.aoswel.com\/fr\/wp-json\/wp\/v2\/product_cat?post=3194"},{"taxonomy":"product_tag","embeddable":true,"href":"https:\/\/www.aoswel.com\/fr\/wp-json\/wp\/v2\/product_tag?post=3194"}],"curies":[{"name":"wp","href":"https:\/\/api.w.org\/{rel}","templated":true}]}}