{"id":3058,"date":"2024-05-29T16:13:16","date_gmt":"2024-05-29T08:13:16","guid":{"rendered":"https:\/\/www.aoswel.com\/?post_type=product&#038;p=3058"},"modified":"2025-03-22T16:20:10","modified_gmt":"2025-03-22T08:20:10","slug":"4k-endoscope-camera-system","status":"publish","type":"product","link":"https:\/\/www.aoswel.com\/fr\/product\/4k-endoscope-camera-system\/","title":{"rendered":"Syst\u00e8me de cam\u00e9ra endoscopique 4K"},"content":{"rendered":"<h1 data-spm-anchor-id=\"a2700.wholesale.0.i29.55a65178bpDwiF\">Syst\u00e8me de cam\u00e9ra endoscopique 4K<\/h1>\n<figure id=\"attachment_2884\" aria-describedby=\"caption-attachment-2884\" style=\"width: 1500px\" class=\"wp-caption alignnone\"><img fetchpriority=\"high\" decoding=\"async\" class=\"wp-image-2884 size-full\" src=\"https:\/\/www.aoswel.com\/wp-content\/uploads\/2024\/05\/endoscope.jpg\" alt=\"endoscope camera system\" width=\"1500\" height=\"1125\" srcset=\"https:\/\/www.aoswel.com\/wp-content\/uploads\/2024\/05\/endoscope.jpg 1500w, https:\/\/www.aoswel.com\/wp-content\/uploads\/2024\/05\/endoscope-300x225.jpg 300w, https:\/\/www.aoswel.com\/wp-content\/uploads\/2024\/05\/endoscope-1024x768.jpg 1024w, https:\/\/www.aoswel.com\/wp-content\/uploads\/2024\/05\/endoscope-768x576.jpg 768w, https:\/\/www.aoswel.com\/wp-content\/uploads\/2024\/05\/endoscope-600x450.jpg 600w\" sizes=\"(max-width: 1500px) 100vw, 1500px\" \/><figcaption id=\"caption-attachment-2884\" class=\"wp-caption-text\">syst\u00e8me de cam\u00e9ra endoscopique<\/figcaption><\/figure>\n<h2>Caract\u00e9ristiques du produit :<\/h2>\n<p>\u25cf Conception innovante int\u00e9gr\u00e9e de la source lumineuse et de la cam\u00e9ra, permettant d'\u00e9conomiser l'espace de l'utilisateur.<\/p>\n<p>\u25cf Imagerie 4K UHD (3840\u00d72160,50\/60fps)<\/p>\n<p>\u25cf Cam\u00e9ra 4K, 8,4 m\u00e9gapixels, Sony CMOS<\/p>\n<p>\u25cf \u00c9cran tactile de 7 pouces, sortie vid\u00e9o 4K et HD.<\/p>\n<p>\u25cf Source de lumi\u00e8re froide LED int\u00e9gr\u00e9e, 20 niveaux r\u00e9glables, avec fonction m\u00e9moire, dur\u00e9e de vie sup\u00e9rieure \u00e0 50000 heures.<\/p>\n<p>\u25cf L'appareil photo adopte une technologie de correction de la balance des blancs pour rendre les couleurs \u00e9clatantes.<\/p>\n<p>\u25cf L'effet innovant d'am\u00e9lioration des d\u00e9tails rend les d\u00e9tails de l'image plus clairs.<\/p>\n<p>\u25cf Fonction d'enregistrement vid\u00e9o et de capture d'images, utilisation d'un seul bouton, personnalisation intelligente.<\/p>\n<p>\u25cf T\u00eate de cam\u00e9ra \u00e9tanche IPX8 ;<\/p>\n<h2>Sp\u00e9cification :<\/h2>\n<table style=\"height: 604px;\" width=\"763\">\n<tbody>\n<tr>\n<td>Mod\u00e8le de produit<\/td>\n<td>OH-9210<\/td>\n<\/tr>\n<tr>\n<td>Appareil photo<\/td>\n<td>1\/2,5 pouces SONY CMOS<\/td>\n<\/tr>\n<tr>\n<td>Pixel<\/td>\n<td>8400 000 pixels<\/td>\n<\/tr>\n<tr>\n<td>Taille de l'image (horizontale\u00d7verticale)<\/td>\n<td>3840\u00d72160<\/td>\n<\/tr>\n<tr>\n<td>Syst\u00e8me de balayage<\/td>\n<td>Num\u00e9risation progressive<\/td>\n<\/tr>\n<tr>\n<td>Taux de rafra\u00eechissement<\/td>\n<td>(3840\u00d72160)60p<\/td>\n<\/tr>\n<tr>\n<td>SNR<\/td>\n<td>50dB, Tol\u00e9rance 20%<\/td>\n<\/tr>\n<tr>\n<td>Sortie vid\u00e9o<\/td>\n<td>Par \"HDMI2.0*1,DVI*1,3G-SDI*1 \"Sortie vid\u00e9o<\/td>\n<\/tr>\n<tr>\n<td>R\u00e9solution de l'horizon<\/td>\n<td>1800TVL,Tol\u00e9rance 20%<\/td>\n<\/tr>\n<tr>\n<td>Contr\u00f4le<\/td>\n<td>\u00c9cran tactile<\/td>\n<\/tr>\n<tr>\n<td>Source lumineuse<\/td>\n<td>Source lumineuse LED int\u00e9gr\u00e9e de 1500lm<\/td>\n<\/tr>\n<tr>\n<td>Tension d'entr\u00e9e<\/td>\n<td>100 - 240V (AC), 50\/60 Hz<\/td>\n<\/tr>\n<tr>\n<td>Capture d'image<\/td>\n<td>PG (r\u00e9solution : 1920 x 1080) sur support USB<\/td>\n<\/tr>\n<\/tbody>\n<\/table>\n<p>Capture vid\u00e9o : MP4 1920 x 1080 50 \/ 60p sur support USB<br \/>\nLuminance : 25%-100% R\u00e9glage de la luminosit\u00e9<br \/>\nCommandes (t\u00eate de l'appareil photo) : Prise de vue\/balance des blancs automatique<\/p>\n<h4>D\u00e9tails :<\/h4>\n<figure id=\"attachment_2885\" aria-describedby=\"caption-attachment-2885\" style=\"width: 905px\" class=\"wp-caption alignnone\"><img decoding=\"async\" class=\"wp-image-2885\" src=\"https:\/\/www.aoswel.com\/wp-content\/uploads\/2024\/05\/endoscope-camera-system.jpg\" alt=\"endoscope camera\" width=\"905\" height=\"675\" srcset=\"https:\/\/www.aoswel.com\/wp-content\/uploads\/2024\/05\/endoscope-camera-system.jpg 750w, https:\/\/www.aoswel.com\/wp-content\/uploads\/2024\/05\/endoscope-camera-system-300x224.jpg 300w, https:\/\/www.aoswel.com\/wp-content\/uploads\/2024\/05\/endoscope-camera-system-600x447.jpg 600w\" sizes=\"(max-width: 905px) 100vw, 905px\" \/><figcaption id=\"caption-attachment-2885\" class=\"wp-caption-text\">cam\u00e9ra endoscopique<\/figcaption><\/figure>\n<figure id=\"attachment_2886\" aria-describedby=\"caption-attachment-2886\" style=\"width: 750px\" class=\"wp-caption alignnone\"><img decoding=\"async\" class=\"wp-image-2886 size-full\" src=\"https:\/\/www.aoswel.com\/wp-content\/uploads\/2024\/05\/endoscope-system.jpg\" alt=\"endoscope camera\" width=\"750\" height=\"940\" srcset=\"https:\/\/www.aoswel.com\/wp-content\/uploads\/2024\/05\/endoscope-system.jpg 750w, https:\/\/www.aoswel.com\/wp-content\/uploads\/2024\/05\/endoscope-system-239x300.jpg 239w, https:\/\/www.aoswel.com\/wp-content\/uploads\/2024\/05\/endoscope-system-600x752.jpg 600w\" sizes=\"(max-width: 750px) 100vw, 750px\" \/><figcaption id=\"caption-attachment-2886\" class=\"wp-caption-text\">cam\u00e9ra endoscopique<\/figcaption><\/figure>\n<figure id=\"attachment_2887\" aria-describedby=\"caption-attachment-2887\" style=\"width: 750px\" class=\"wp-caption alignnone\"><img loading=\"lazy\" decoding=\"async\" class=\"wp-image-2887 size-full\" src=\"https:\/\/www.aoswel.com\/wp-content\/uploads\/2024\/05\/endoscope-camera-system-01.jpg\" alt=\"endoscope camera system\" width=\"750\" height=\"693\" srcset=\"https:\/\/www.aoswel.com\/wp-content\/uploads\/2024\/05\/endoscope-camera-system-01.jpg 750w, https:\/\/www.aoswel.com\/wp-content\/uploads\/2024\/05\/endoscope-camera-system-01-300x277.jpg 300w, https:\/\/www.aoswel.com\/wp-content\/uploads\/2024\/05\/endoscope-camera-system-01-600x554.jpg 600w\" sizes=\"(max-width: 750px) 100vw, 750px\" \/><figcaption id=\"caption-attachment-2887\" class=\"wp-caption-text\">syst\u00e8me de cam\u00e9ra endoscopique<\/figcaption><\/figure>\n<figure id=\"attachment_2888\" aria-describedby=\"caption-attachment-2888\" style=\"width: 750px\" class=\"wp-caption alignnone\"><img loading=\"lazy\" decoding=\"async\" class=\"wp-image-2888 size-full\" src=\"https:\/\/www.aoswel.com\/wp-content\/uploads\/2024\/05\/endoscope-system-02.jpg\" alt=\"endoscope camera system\" width=\"750\" height=\"931\" srcset=\"https:\/\/www.aoswel.com\/wp-content\/uploads\/2024\/05\/endoscope-system-02.jpg 750w, https:\/\/www.aoswel.com\/wp-content\/uploads\/2024\/05\/endoscope-system-02-242x300.jpg 242w, https:\/\/www.aoswel.com\/wp-content\/uploads\/2024\/05\/endoscope-system-02-600x745.jpg 600w\" sizes=\"(max-width: 750px) 100vw, 750px\" \/><figcaption id=\"caption-attachment-2888\" class=\"wp-caption-text\">syst\u00e8me de cam\u00e9ra endoscopique<\/figcaption><\/figure>\n<p>&nbsp;<\/p>\n<div class=\"wpforms-container\" id=\"wpforms-1859\"><form id=\"wpforms-form-1859\" class=\"wpforms-validate wpforms-form wpforms-ajax-form\" data-formid=\"1859\" method=\"post\" enctype=\"multipart\/form-data\" action=\"\/fr\/wp-json\/wp\/v2\/product\/3058\" data-token=\"49d80ab2530cd0af2590e354c1887118\" data-token-time=\"1777558344\" data-trp-original-action=\"\/fr\/wp-json\/wp\/v2\/product\/3058\"><noscript class=\"wpforms-error-noscript\">Veuillez activer JavaScript dans votre navigateur pour remplir ce formulaire.<\/noscript><div class=\"wpforms-field-container\"><div id=\"wpforms-1859-field_0-container\" class=\"wpforms-field wpforms-field-name\" data-field-id=\"0\"><label class=\"wpforms-field-label\" for=\"wpforms-1859-field_0\">Nom <span class=\"wpforms-required-label\">*<\/span><\/label><input type=\"text\" id=\"wpforms-1859-field_0\" class=\"wpforms-field-medium wpforms-field-required\" name=\"wpforms[fields][0]\" required><\/div><div id=\"wpforms-1859-field_1-container\" class=\"wpforms-field wpforms-field-email\" data-field-id=\"1\"><label class=\"wpforms-field-label\" for=\"wpforms-1859-field_1\">Courriel <span class=\"wpforms-required-label\">*<\/span><\/label><input type=\"email\" id=\"wpforms-1859-field_1\" class=\"wpforms-field-medium wpforms-field-required\" name=\"wpforms[fields][1]\" spellcheck=\"false\" required><\/div><div id=\"wpforms-1859-field_2-container\" class=\"wpforms-field wpforms-field-textarea\" data-field-id=\"2\"><label class=\"wpforms-field-label\" for=\"wpforms-1859-field_2\">Message<\/label><textarea id=\"wpforms-1859-field_2\" class=\"wpforms-field-medium\" name=\"wpforms[fields][2]\" ><\/textarea><\/div><\/div><!-- .wpforms-field-container --><div class=\"wpforms-recaptcha-container wpforms-is-recaptcha wpforms-is-recaptcha-type-v2\" ><div class=\"g-recaptcha\" data-sitekey=\"6LdTpxoqAAAAAIzKlVIE-V0Bxf_p_IQyTqMHvU3D\"><\/div><input type=\"text\" name=\"g-recaptcha-hidden\" class=\"wpforms-recaptcha-hidden\" style=\"position:absolute!important;clip:rect(0,0,0,0)!important;height:1px!important;width:1px!important;border:0!important;overflow:hidden!important;padding:0!important;margin:0!important;\" data-rule-recaptcha=\"1\"><\/div><div class=\"wpforms-submit-container\" ><input type=\"hidden\" name=\"wpforms[id]\" value=\"1859\"><input type=\"hidden\" name=\"page_title\" value=\"\"><input type=\"hidden\" name=\"page_url\" value=\"https:\/\/www.aoswel.com\/fr\/wp-json\/wp\/v2\/product\/3058\"><input type=\"hidden\" name=\"url_referer\" value=\"\"><button type=\"submit\" name=\"wpforms[submit]\" id=\"wpforms-submit-1859\" class=\"wpforms-submit\" data-alt-text=\"Sending...\" data-submit-text=\"Submit\" aria-live=\"assertive\" value=\"wpforms-submit\">Soumettre<\/button><img loading=\"lazy\" decoding=\"async\" src=\"https:\/\/www.aoswel.com\/wp-content\/plugins\/wpforms-lite\/assets\/images\/submit-spin.svg\" class=\"wpforms-submit-spinner\" style=\"display: none;\" width=\"26\" height=\"26\" alt=\"Loading\"><\/div><input type=\"hidden\" name=\"trp-form-language\" value=\"fr\"\/><\/form><\/div>  <!-- .wpforms-container -->","protected":false},"excerpt":{"rendered":"<p>Le syst\u00e8me de cam\u00e9ra endoscopique 4K a une r\u00e9solution 4 fois sup\u00e9rieure \u00e0 celle de la Full HD. Le syst\u00e8me de cam\u00e9ra endoscopique 4K se compose d'un processeur VIDEO 4K, d'une t\u00eate de cam\u00e9ra 4K, d'une source de lumi\u00e8re froide LED, d'un moniteur m\u00e9dical 4K\u3002.<\/p>\n<p>T\u00eate de cam\u00e9ra :2,1 m\u00e9gapixels 1\/2,5 CMOS \u00e9tanche IPX8<\/p>\n<p>Coupleur :Coupleur de zoom optique 4K \u00e0 monture C<\/p>\n<p>Syst\u00e8me vid\u00e9o :UHD 3840*2160, Balance des blancs automatique<\/p>\n<p>Moniteur :55 pouces<\/p>","protected":false},"featured_media":2884,"comment_status":"open","ping_status":"closed","template":"","meta":{"site-sidebar-layout":"default","site-content-layout":"","ast-site-content-layout":"default","site-content-style":"default","site-sidebar-style":"default","ast-global-header-display":"","ast-banner-title-visibility":"","ast-main-header-display":"","ast-hfb-above-header-display":"","ast-hfb-below-header-display":"","ast-hfb-mobile-header-display":"","site-post-title":"","ast-breadcrumbs-content":"","ast-featured-img":"","footer-sml-layout":"","ast-disable-related-posts":"","theme-transparent-header-meta":"","adv-header-id-meta":"","stick-header-meta":"","header-above-stick-meta":"","header-main-stick-meta":"","header-below-stick-meta":"","astra-migrate-meta-layouts":"default","ast-page-background-enabled":"default","ast-page-background-meta":{"desktop":{"background-color":"","background-image":"","background-repeat":"repeat","background-position":"center center","background-size":"auto","background-attachment":"scroll","background-type":"","background-media":"","overlay-type":"","overlay-color":"","overlay-opacity":"","overlay-gradient":""},"tablet":{"background-color":"","background-image":"","background-repeat":"repeat","background-position":"center center","background-size":"auto","background-attachment":"scroll","background-type":"","background-media":"","overlay-type":"","overlay-color":"","overlay-opacity":"","overlay-gradient":""},"mobile":{"background-color":"","background-image":"","background-repeat":"repeat","background-position":"center center","background-size":"auto","background-attachment":"scroll","background-type":"","background-media":"","overlay-type":"","overlay-color":"","overlay-opacity":"","overlay-gradient":""}},"ast-content-background-meta":{"desktop":{"background-color":"var(--ast-global-color-5)","background-image":"","background-repeat":"repeat","background-position":"center center","background-size":"auto","background-attachment":"scroll","background-type":"","background-media":"","overlay-type":"","overlay-color":"","overlay-opacity":"","overlay-gradient":""},"tablet":{"background-color":"var(--ast-global-color-5)","background-image":"","background-repeat":"repeat","background-position":"center center","background-size":"auto","background-attachment":"scroll","background-type":"","background-media":"","overlay-type":"","overlay-color":"","overlay-opacity":"","overlay-gradient":""},"mobile":{"background-color":"var(--ast-global-color-5)","background-image":"","background-repeat":"repeat","background-position":"center center","background-size":"auto","background-attachment":"scroll","background-type":"","background-media":"","overlay-type":"","overlay-color":"","overlay-opacity":"","overlay-gradient":""}}},"product_brand":[],"product_cat":[126],"product_tag":[131,132,134,127,133],"class_list":{"0":"post-3058","1":"product","2":"type-product","3":"status-publish","4":"has-post-thumbnail","6":"product_cat-endoscope-camera","7":"product_tag-4k-endoscope-camera-system","8":"product_tag-endoscope-camera-system","9":"product_tag-high-quality-endoscope-camera","10":"product_tag-medical-endoscope","11":"product_tag-medical-endoscope-camera","12":"desktop-align-left","13":"tablet-align-left","14":"mobile-align-left","16":"first","17":"instock","18":"shipping-taxable","19":"product-type-simple"},"yoast_head":"<!-- This site is optimized with the Yoast SEO plugin v27.2 - https:\/\/yoast.com\/product\/yoast-seo-wordpress\/ -->\n<title>4K Endoscope Camera System - AOSWEL<\/title>\n<meta name=\"description\" content=\"4K Endoscope Camera System\" \/>\n<meta name=\"robots\" content=\"index, follow, max-snippet:-1, max-image-preview:large, max-video-preview:-1\" \/>\n<link rel=\"canonical\" href=\"https:\/\/www.aoswel.com\/fr\/product\/4k-endoscope-camera-system\/\" \/>\n<meta property=\"og:locale\" content=\"fr_FR\" \/>\n<meta property=\"og:type\" content=\"article\" \/>\n<meta property=\"og:title\" content=\"4K Endoscope Camera System - AOSWEL\" \/>\n<meta property=\"og:description\" content=\"4K Endoscope Camera System\" \/>\n<meta property=\"og:url\" content=\"https:\/\/www.aoswel.com\/fr\/product\/4k-endoscope-camera-system\/\" \/>\n<meta property=\"og:site_name\" content=\"AOSWEL\" \/>\n<meta property=\"article:modified_time\" content=\"2025-03-22T08:20:10+00:00\" \/>\n<meta property=\"og:image\" content=\"https:\/\/www.aoswel.com\/wp-content\/uploads\/2024\/05\/endoscope.jpg\" \/>\n\t<meta property=\"og:image:width\" content=\"1500\" \/>\n\t<meta property=\"og:image:height\" content=\"1125\" \/>\n\t<meta property=\"og:image:type\" content=\"image\/jpeg\" \/>\n<meta name=\"twitter:card\" content=\"summary_large_image\" \/>\n<meta name=\"twitter:label1\" content=\"Est. reading time\" \/>\n\t<meta name=\"twitter:data1\" content=\"3 minutes\" \/>\n<script type=\"application\/ld+json\" class=\"yoast-schema-graph\">{\"@context\":\"https:\/\/schema.org\",\"@graph\":[{\"@type\":\"WebPage\",\"@id\":\"https:\/\/www.aoswel.com\/product\/4k-endoscope-camera-system\/\",\"url\":\"https:\/\/www.aoswel.com\/product\/4k-endoscope-camera-system\/\",\"name\":\"4K Endoscope Camera System - AOSWEL\",\"isPartOf\":{\"@id\":\"https:\/\/www.aoswel.com\/#website\"},\"primaryImageOfPage\":{\"@id\":\"https:\/\/www.aoswel.com\/product\/4k-endoscope-camera-system\/#primaryimage\"},\"image\":{\"@id\":\"https:\/\/www.aoswel.com\/product\/4k-endoscope-camera-system\/#primaryimage\"},\"thumbnailUrl\":\"https:\/\/www.aoswel.com\/wp-content\/uploads\/2024\/05\/endoscope.jpg\",\"datePublished\":\"2024-05-29T08:13:16+00:00\",\"dateModified\":\"2025-03-22T08:20:10+00:00\",\"description\":\"4K Endoscope Camera System\",\"breadcrumb\":{\"@id\":\"https:\/\/www.aoswel.com\/product\/4k-endoscope-camera-system\/#breadcrumb\"},\"inLanguage\":\"fr-FR\",\"potentialAction\":[{\"@type\":\"ReadAction\",\"target\":[\"https:\/\/www.aoswel.com\/product\/4k-endoscope-camera-system\/\"]}]},{\"@type\":\"ImageObject\",\"inLanguage\":\"fr-FR\",\"@id\":\"https:\/\/www.aoswel.com\/product\/4k-endoscope-camera-system\/#primaryimage\",\"url\":\"https:\/\/www.aoswel.com\/wp-content\/uploads\/2024\/05\/endoscope.jpg\",\"contentUrl\":\"https:\/\/www.aoswel.com\/wp-content\/uploads\/2024\/05\/endoscope.jpg\",\"width\":1500,\"height\":1125,\"caption\":\"endoscope camera system\"},{\"@type\":\"BreadcrumbList\",\"@id\":\"https:\/\/www.aoswel.com\/product\/4k-endoscope-camera-system\/#breadcrumb\",\"itemListElement\":[{\"@type\":\"ListItem\",\"position\":1,\"name\":\"Products\",\"item\":\"https:\/\/www.aoswel.com\/products\/\"},{\"@type\":\"ListItem\",\"position\":2,\"name\":\"4K Endoscope Camera System\"}]},{\"@type\":\"WebSite\",\"@id\":\"https:\/\/www.aoswel.com\/#website\",\"url\":\"https:\/\/www.aoswel.com\/\",\"name\":\"AOSWEL\",\"description\":\"One-Stop Service Of Medical Endoscope Manufacturer\",\"publisher\":{\"@id\":\"https:\/\/www.aoswel.com\/#organization\"},\"potentialAction\":[{\"@type\":\"SearchAction\",\"target\":{\"@type\":\"EntryPoint\",\"urlTemplate\":\"https:\/\/www.aoswel.com\/?s={search_term_string}\"},\"query-input\":{\"@type\":\"PropertyValueSpecification\",\"valueRequired\":true,\"valueName\":\"search_term_string\"}}],\"inLanguage\":\"fr-FR\"},{\"@type\":\"Organization\",\"@id\":\"https:\/\/www.aoswel.com\/#organization\",\"name\":\"AOSWEL\",\"url\":\"https:\/\/www.aoswel.com\/\",\"logo\":{\"@type\":\"ImageObject\",\"inLanguage\":\"fr-FR\",\"@id\":\"https:\/\/www.aoswel.com\/#\/schema\/logo\/image\/\",\"url\":\"https:\/\/www.aoswel.com\/wp-content\/uploads\/2023\/03\/LOGO.png\",\"contentUrl\":\"https:\/\/www.aoswel.com\/wp-content\/uploads\/2023\/03\/LOGO.png\",\"width\":600,\"height\":252,\"caption\":\"AOSWEL\"},\"image\":{\"@id\":\"https:\/\/www.aoswel.com\/#\/schema\/logo\/image\/\"}}]}<\/script>\n<!-- \/ Yoast SEO plugin. -->","yoast_head_json":{"title":"4K Endoscope Camera System - AOSWEL","description":"4K Endoscope Camera System","robots":{"index":"index","follow":"follow","max-snippet":"max-snippet:-1","max-image-preview":"max-image-preview:large","max-video-preview":"max-video-preview:-1"},"canonical":"https:\/\/www.aoswel.com\/fr\/product\/4k-endoscope-camera-system\/","og_locale":"fr_FR","og_type":"article","og_title":"4K Endoscope Camera System - AOSWEL","og_description":"4K Endoscope Camera System","og_url":"https:\/\/www.aoswel.com\/fr\/product\/4k-endoscope-camera-system\/","og_site_name":"AOSWEL","article_modified_time":"2025-03-22T08:20:10+00:00","og_image":[{"width":1500,"height":1125,"url":"https:\/\/www.aoswel.com\/wp-content\/uploads\/2024\/05\/endoscope.jpg","type":"image\/jpeg"}],"twitter_card":"summary_large_image","twitter_misc":{"Est. reading time":"3 minutes"},"schema":{"@context":"https:\/\/schema.org","@graph":[{"@type":"WebPage","@id":"https:\/\/www.aoswel.com\/product\/4k-endoscope-camera-system\/","url":"https:\/\/www.aoswel.com\/product\/4k-endoscope-camera-system\/","name":"4K Endoscope Camera System - AOSWEL","isPartOf":{"@id":"https:\/\/www.aoswel.com\/#website"},"primaryImageOfPage":{"@id":"https:\/\/www.aoswel.com\/product\/4k-endoscope-camera-system\/#primaryimage"},"image":{"@id":"https:\/\/www.aoswel.com\/product\/4k-endoscope-camera-system\/#primaryimage"},"thumbnailUrl":"https:\/\/www.aoswel.com\/wp-content\/uploads\/2024\/05\/endoscope.jpg","datePublished":"2024-05-29T08:13:16+00:00","dateModified":"2025-03-22T08:20:10+00:00","description":"4K Endoscope Camera System","breadcrumb":{"@id":"https:\/\/www.aoswel.com\/product\/4k-endoscope-camera-system\/#breadcrumb"},"inLanguage":"fr-FR","potentialAction":[{"@type":"ReadAction","target":["https:\/\/www.aoswel.com\/product\/4k-endoscope-camera-system\/"]}]},{"@type":"ImageObject","inLanguage":"fr-FR","@id":"https:\/\/www.aoswel.com\/product\/4k-endoscope-camera-system\/#primaryimage","url":"https:\/\/www.aoswel.com\/wp-content\/uploads\/2024\/05\/endoscope.jpg","contentUrl":"https:\/\/www.aoswel.com\/wp-content\/uploads\/2024\/05\/endoscope.jpg","width":1500,"height":1125,"caption":"endoscope camera system"},{"@type":"BreadcrumbList","@id":"https:\/\/www.aoswel.com\/product\/4k-endoscope-camera-system\/#breadcrumb","itemListElement":[{"@type":"ListItem","position":1,"name":"Products","item":"https:\/\/www.aoswel.com\/products\/"},{"@type":"ListItem","position":2,"name":"4K Endoscope Camera System"}]},{"@type":"WebSite","@id":"https:\/\/www.aoswel.com\/#website","url":"https:\/\/www.aoswel.com\/","name":"AOSWEL","description":"One-Stop Service Of Medical Endoscope Manufacturer","publisher":{"@id":"https:\/\/www.aoswel.com\/#organization"},"potentialAction":[{"@type":"SearchAction","target":{"@type":"EntryPoint","urlTemplate":"https:\/\/www.aoswel.com\/?s={search_term_string}"},"query-input":{"@type":"PropertyValueSpecification","valueRequired":true,"valueName":"search_term_string"}}],"inLanguage":"fr-FR"},{"@type":"Organization","@id":"https:\/\/www.aoswel.com\/#organization","name":"AOSWEL","url":"https:\/\/www.aoswel.com\/","logo":{"@type":"ImageObject","inLanguage":"fr-FR","@id":"https:\/\/www.aoswel.com\/#\/schema\/logo\/image\/","url":"https:\/\/www.aoswel.com\/wp-content\/uploads\/2023\/03\/LOGO.png","contentUrl":"https:\/\/www.aoswel.com\/wp-content\/uploads\/2023\/03\/LOGO.png","width":600,"height":252,"caption":"AOSWEL"},"image":{"@id":"https:\/\/www.aoswel.com\/#\/schema\/logo\/image\/"}}]}},"jetpack_sharing_enabled":true,"_links":{"self":[{"href":"https:\/\/www.aoswel.com\/fr\/wp-json\/wp\/v2\/product\/3058","targetHints":{"allow":["GET"]}}],"collection":[{"href":"https:\/\/www.aoswel.com\/fr\/wp-json\/wp\/v2\/product"}],"about":[{"href":"https:\/\/www.aoswel.com\/fr\/wp-json\/wp\/v2\/types\/product"}],"replies":[{"embeddable":true,"href":"https:\/\/www.aoswel.com\/fr\/wp-json\/wp\/v2\/comments?post=3058"}],"wp:featuredmedia":[{"embeddable":true,"href":"https:\/\/www.aoswel.com\/fr\/wp-json\/wp\/v2\/media\/2884"}],"wp:attachment":[{"href":"https:\/\/www.aoswel.com\/fr\/wp-json\/wp\/v2\/media?parent=3058"}],"wp:term":[{"taxonomy":"product_brand","embeddable":true,"href":"https:\/\/www.aoswel.com\/fr\/wp-json\/wp\/v2\/product_brand?post=3058"},{"taxonomy":"product_cat","embeddable":true,"href":"https:\/\/www.aoswel.com\/fr\/wp-json\/wp\/v2\/product_cat?post=3058"},{"taxonomy":"product_tag","embeddable":true,"href":"https:\/\/www.aoswel.com\/fr\/wp-json\/wp\/v2\/product_tag?post=3058"}],"curies":[{"name":"wp","href":"https:\/\/api.w.org\/{rel}","templated":true}]}}