{"id":3052,"date":"2024-05-29T15:35:05","date_gmt":"2024-05-29T07:35:05","guid":{"rendered":"https:\/\/www.aoswel.com\/?post_type=product&#038;p=3052"},"modified":"2025-04-13T03:04:33","modified_gmt":"2025-04-12T19:04:33","slug":"all-in-one-endoscope-camera-system","status":"publish","type":"product","link":"https:\/\/www.aoswel.com\/fr\/product\/all-in-one-endoscope-camera-system\/","title":{"rendered":"Syst\u00e8me de cam\u00e9ra endoscopique tout-en-un 4K"},"content":{"rendered":"<h1 data-spm-anchor-id=\"a2700.wholesale.0.i29.55a65178bpDwiF\">Syst\u00e8me de cam\u00e9ra endoscopique tout-en-un<\/h1>\n<figure id=\"attachment_2996\" aria-describedby=\"caption-attachment-2996\" style=\"width: 800px\" class=\"wp-caption alignnone\"><img fetchpriority=\"high\" decoding=\"async\" class=\"wp-image-2996 size-full\" src=\"https:\/\/www.aoswel.com\/wp-content\/uploads\/2024\/05\/4K-endoscope-Camera.jpg\" alt=\"4K All in One Endoscope Camera System\" width=\"800\" height=\"622\" srcset=\"https:\/\/www.aoswel.com\/wp-content\/uploads\/2024\/05\/4K-endoscope-Camera.jpg 800w, https:\/\/www.aoswel.com\/wp-content\/uploads\/2024\/05\/4K-endoscope-Camera-300x233.jpg 300w, https:\/\/www.aoswel.com\/wp-content\/uploads\/2024\/05\/4K-endoscope-Camera-768x597.jpg 768w, https:\/\/www.aoswel.com\/wp-content\/uploads\/2024\/05\/4K-endoscope-Camera-600x467.jpg 600w\" sizes=\"(max-width: 800px) 100vw, 800px\" \/><figcaption id=\"caption-attachment-2996\" class=\"wp-caption-text\">Syst\u00e8me de cam\u00e9ra endoscopique tout-en-un 4K<\/figcaption><\/figure>\n<h4>Sp\u00e9cification :<\/h4>\n<p><strong>R\u00e9solution 4K<\/strong><\/p>\n<p>Offre une image ultra-haute d\u00e9finition avec une r\u00e9solution de 3840\u00d72160.<\/p>\n<p><strong>Moniteur HD m\u00e9dical de 32 pouces<\/strong><\/p>\n<p>Verre de protection d'\u00e9cran antireflet suppl\u00e9mentaire, transmission de la lumi\u00e8re 98%<\/p>\n<p><strong>Source lumineuse m\u00e9dicale LED<\/strong><\/p>\n<p>80W, compatibilit\u00e9 avec une gamme compl\u00e8te de gradateurs, dur\u00e9e de vie\u226550000 heures<\/p>\n<p><strong>T\u00eate de cam\u00e9ra<\/strong><\/p>\n<p>Imagerie Ultra HD (3840\u00d72160), CMOS SONY 1\/2,5 pouces, \u00e9tanch\u00e9it\u00e9 IPX8<\/p>\n<p><strong>5 pr\u00e9r\u00e9glages utilisateur pour les applications chirurgicales<\/strong><\/p>\n<p><strong>Param\u00e8tres techniques<\/strong><\/p>\n<p>R\u00e9solution de l'image : UHD 3840 x 2160<\/p>\n<p>R\u00e9solution horizontale : 1800 LTV<\/p>\n<p>Taille de l'\u00e9cran : 32\u2033.<\/p>\n<p>Source lumineuse : source de lumi\u00e8re froide LED 80W<\/p>\n<p>Terminal de sortie vid\u00e9o : 1x HDMI 2.0 (3840 x 2160)\u30011x DVI\u30011x 3G-SDI<\/p>\n<p>Dimensions du produit : 759(L)x487(L)x103(H)<\/p>\n<p>Poids : 16KG<\/p>\n<h4>D\u00e9tails :<\/h4>\n<figure id=\"attachment_2997\" aria-describedby=\"caption-attachment-2997\" style=\"width: 1080px\" class=\"wp-caption alignnone\"><img decoding=\"async\" class=\"wp-image-2997 size-full\" src=\"https:\/\/www.aoswel.com\/wp-content\/uploads\/2024\/05\/4K-endoscope-camera-01.jpg\" alt=\"Endoscope Camera System\" width=\"1080\" height=\"739\" srcset=\"https:\/\/www.aoswel.com\/wp-content\/uploads\/2024\/05\/4K-endoscope-camera-01.jpg 1080w, https:\/\/www.aoswel.com\/wp-content\/uploads\/2024\/05\/4K-endoscope-camera-01-300x205.jpg 300w, https:\/\/www.aoswel.com\/wp-content\/uploads\/2024\/05\/4K-endoscope-camera-01-1024x701.jpg 1024w, https:\/\/www.aoswel.com\/wp-content\/uploads\/2024\/05\/4K-endoscope-camera-01-768x526.jpg 768w, https:\/\/www.aoswel.com\/wp-content\/uploads\/2024\/05\/4K-endoscope-camera-01-600x411.jpg 600w\" sizes=\"(max-width: 1080px) 100vw, 1080px\" \/><figcaption id=\"caption-attachment-2997\" class=\"wp-caption-text\">Syst\u00e8me de cam\u00e9ra endoscopique<\/figcaption><\/figure>\n<p>&nbsp;<\/p>\n<div class=\"wpforms-container\" id=\"wpforms-1859\"><form id=\"wpforms-form-1859\" class=\"wpforms-validate wpforms-form wpforms-ajax-form\" data-formid=\"1859\" method=\"post\" enctype=\"multipart\/form-data\" action=\"\/fr\/wp-json\/wp\/v2\/product\/3052\" data-token=\"49d80ab2530cd0af2590e354c1887118\" data-token-time=\"1777563149\" data-trp-original-action=\"\/fr\/wp-json\/wp\/v2\/product\/3052\"><noscript class=\"wpforms-error-noscript\">Veuillez activer JavaScript dans votre navigateur pour remplir ce formulaire.<\/noscript><div class=\"wpforms-field-container\"><div id=\"wpforms-1859-field_0-container\" class=\"wpforms-field wpforms-field-name\" data-field-id=\"0\"><label class=\"wpforms-field-label\" for=\"wpforms-1859-field_0\">Nom <span class=\"wpforms-required-label\">*<\/span><\/label><input type=\"text\" id=\"wpforms-1859-field_0\" class=\"wpforms-field-medium wpforms-field-required\" name=\"wpforms[fields][0]\" required><\/div><div id=\"wpforms-1859-field_1-container\" class=\"wpforms-field wpforms-field-email\" data-field-id=\"1\"><label class=\"wpforms-field-label\" for=\"wpforms-1859-field_1\">Courriel <span class=\"wpforms-required-label\">*<\/span><\/label><input type=\"email\" id=\"wpforms-1859-field_1\" class=\"wpforms-field-medium wpforms-field-required\" name=\"wpforms[fields][1]\" spellcheck=\"false\" required><\/div><div id=\"wpforms-1859-field_2-container\" class=\"wpforms-field wpforms-field-textarea\" data-field-id=\"2\"><label class=\"wpforms-field-label\" for=\"wpforms-1859-field_2\">Message<\/label><textarea id=\"wpforms-1859-field_2\" class=\"wpforms-field-medium\" name=\"wpforms[fields][2]\" ><\/textarea><\/div><\/div><!-- .wpforms-field-container --><div class=\"wpforms-recaptcha-container wpforms-is-recaptcha wpforms-is-recaptcha-type-v2\" ><div class=\"g-recaptcha\" data-sitekey=\"6LdTpxoqAAAAAIzKlVIE-V0Bxf_p_IQyTqMHvU3D\"><\/div><input type=\"text\" name=\"g-recaptcha-hidden\" class=\"wpforms-recaptcha-hidden\" style=\"position:absolute!important;clip:rect(0,0,0,0)!important;height:1px!important;width:1px!important;border:0!important;overflow:hidden!important;padding:0!important;margin:0!important;\" data-rule-recaptcha=\"1\"><\/div><div class=\"wpforms-submit-container\" ><input type=\"hidden\" name=\"wpforms[id]\" value=\"1859\"><input type=\"hidden\" name=\"page_title\" value=\"\"><input type=\"hidden\" name=\"page_url\" value=\"https:\/\/www.aoswel.com\/fr\/wp-json\/wp\/v2\/product\/3052\"><input type=\"hidden\" name=\"url_referer\" value=\"\"><button type=\"submit\" name=\"wpforms[submit]\" id=\"wpforms-submit-1859\" class=\"wpforms-submit\" data-alt-text=\"Sending...\" data-submit-text=\"Submit\" aria-live=\"assertive\" value=\"wpforms-submit\">Soumettre<\/button><img decoding=\"async\" src=\"https:\/\/www.aoswel.com\/wp-content\/plugins\/wpforms-lite\/assets\/images\/submit-spin.svg\" class=\"wpforms-submit-spinner\" style=\"display: none;\" width=\"26\" height=\"26\" alt=\"Loading\"><\/div><input type=\"hidden\" name=\"trp-form-language\" value=\"fr\"\/><\/form><\/div>  <!-- .wpforms-container -->","protected":false},"excerpt":{"rendered":"<p>Le syst\u00e8me de cam\u00e9ra endoscopique 4K All in One combine la source lumineuse LED, la cam\u00e9ra, le moniteur et le processeur 4K dans un seul bo\u00eetier, d\u00e9finissant ainsi une nouvelle fa\u00e7on de simplifier le travail au bloc op\u00e9ratoire. L'\u00e9cran tactile intuitif avec des boutons permet un contr\u00f4le facile et rapide sans interruption de la proc\u00e9dure.<\/p>","protected":false},"featured_media":2996,"comment_status":"open","ping_status":"closed","template":"","meta":{"site-sidebar-layout":"default","site-content-layout":"","ast-site-content-layout":"default","site-content-style":"default","site-sidebar-style":"default","ast-global-header-display":"","ast-banner-title-visibility":"","ast-main-header-display":"","ast-hfb-above-header-display":"","ast-hfb-below-header-display":"","ast-hfb-mobile-header-display":"","site-post-title":"","ast-breadcrumbs-content":"","ast-featured-img":"","footer-sml-layout":"","ast-disable-related-posts":"","theme-transparent-header-meta":"","adv-header-id-meta":"","stick-header-meta":"","header-above-stick-meta":"","header-main-stick-meta":"","header-below-stick-meta":"","astra-migrate-meta-layouts":"default","ast-page-background-enabled":"default","ast-page-background-meta":{"desktop":{"background-color":"","background-image":"","background-repeat":"repeat","background-position":"center center","background-size":"auto","background-attachment":"scroll","background-type":"","background-media":"","overlay-type":"","overlay-color":"","overlay-opacity":"","overlay-gradient":""},"tablet":{"background-color":"","background-image":"","background-repeat":"repeat","background-position":"center center","background-size":"auto","background-attachment":"scroll","background-type":"","background-media":"","overlay-type":"","overlay-color":"","overlay-opacity":"","overlay-gradient":""},"mobile":{"background-color":"","background-image":"","background-repeat":"repeat","background-position":"center center","background-size":"auto","background-attachment":"scroll","background-type":"","background-media":"","overlay-type":"","overlay-color":"","overlay-opacity":"","overlay-gradient":""}},"ast-content-background-meta":{"desktop":{"background-color":"var(--ast-global-color-5)","background-image":"","background-repeat":"repeat","background-position":"center center","background-size":"auto","background-attachment":"scroll","background-type":"","background-media":"","overlay-type":"","overlay-color":"","overlay-opacity":"","overlay-gradient":""},"tablet":{"background-color":"var(--ast-global-color-5)","background-image":"","background-repeat":"repeat","background-position":"center center","background-size":"auto","background-attachment":"scroll","background-type":"","background-media":"","overlay-type":"","overlay-color":"","overlay-opacity":"","overlay-gradient":""},"mobile":{"background-color":"var(--ast-global-color-5)","background-image":"","background-repeat":"repeat","background-position":"center center","background-size":"auto","background-attachment":"scroll","background-type":"","background-media":"","overlay-type":"","overlay-color":"","overlay-opacity":"","overlay-gradient":""}}},"product_brand":[],"product_cat":[154],"product_tag":[162,156,161,127],"class_list":{"0":"post-3052","1":"product","2":"type-product","3":"status-publish","4":"has-post-thumbnail","6":"product_cat-4k-endoscope-camera","7":"product_tag-4k-endoscope-camera-4k-endoscope-camera","8":"product_tag-endoscope","9":"product_tag-endoscope-system","10":"product_tag-medical-endoscope","11":"desktop-align-left","12":"tablet-align-left","13":"mobile-align-left","15":"first","16":"instock","17":"shipping-taxable","18":"product-type-simple"},"yoast_head":"<!-- This site is optimized with the Yoast SEO plugin v27.2 - https:\/\/yoast.com\/product\/yoast-seo-wordpress\/ -->\n<title>4K All in One Endoscope Camera System - AOSWEL<\/title>\n<meta name=\"description\" content=\"All in One Endoscope Camera System\" \/>\n<meta name=\"robots\" content=\"index, follow, max-snippet:-1, max-image-preview:large, max-video-preview:-1\" \/>\n<link rel=\"canonical\" href=\"https:\/\/www.aoswel.com\/fr\/product\/all-in-one-endoscope-camera-system\/\" \/>\n<meta property=\"og:locale\" content=\"fr_FR\" \/>\n<meta property=\"og:type\" content=\"article\" \/>\n<meta property=\"og:title\" content=\"4K All in One Endoscope Camera System - AOSWEL\" \/>\n<meta property=\"og:description\" content=\"All in One Endoscope Camera System\" \/>\n<meta property=\"og:url\" content=\"https:\/\/www.aoswel.com\/fr\/product\/all-in-one-endoscope-camera-system\/\" \/>\n<meta property=\"og:site_name\" content=\"AOSWEL\" \/>\n<meta property=\"article:modified_time\" content=\"2025-04-12T19:04:33+00:00\" \/>\n<meta property=\"og:image\" content=\"https:\/\/www.aoswel.com\/wp-content\/uploads\/2024\/05\/4K-endoscope-Camera.jpg\" \/>\n\t<meta property=\"og:image:width\" content=\"800\" \/>\n\t<meta property=\"og:image:height\" content=\"622\" \/>\n\t<meta property=\"og:image:type\" content=\"image\/jpeg\" \/>\n<meta name=\"twitter:card\" content=\"summary_large_image\" \/>\n<meta name=\"twitter:label1\" content=\"Est. reading time\" \/>\n\t<meta name=\"twitter:data1\" content=\"2 minutes\" \/>\n<script type=\"application\/ld+json\" class=\"yoast-schema-graph\">{\"@context\":\"https:\/\/schema.org\",\"@graph\":[{\"@type\":\"WebPage\",\"@id\":\"https:\/\/www.aoswel.com\/product\/all-in-one-endoscope-camera-system\/\",\"url\":\"https:\/\/www.aoswel.com\/product\/all-in-one-endoscope-camera-system\/\",\"name\":\"4K All in One Endoscope Camera System - AOSWEL\",\"isPartOf\":{\"@id\":\"https:\/\/www.aoswel.com\/#website\"},\"primaryImageOfPage\":{\"@id\":\"https:\/\/www.aoswel.com\/product\/all-in-one-endoscope-camera-system\/#primaryimage\"},\"image\":{\"@id\":\"https:\/\/www.aoswel.com\/product\/all-in-one-endoscope-camera-system\/#primaryimage\"},\"thumbnailUrl\":\"https:\/\/www.aoswel.com\/wp-content\/uploads\/2024\/05\/4K-endoscope-Camera.jpg\",\"datePublished\":\"2024-05-29T07:35:05+00:00\",\"dateModified\":\"2025-04-12T19:04:33+00:00\",\"description\":\"All in One Endoscope Camera System\",\"breadcrumb\":{\"@id\":\"https:\/\/www.aoswel.com\/product\/all-in-one-endoscope-camera-system\/#breadcrumb\"},\"inLanguage\":\"fr-FR\",\"potentialAction\":[{\"@type\":\"ReadAction\",\"target\":[\"https:\/\/www.aoswel.com\/product\/all-in-one-endoscope-camera-system\/\"]}]},{\"@type\":\"ImageObject\",\"inLanguage\":\"fr-FR\",\"@id\":\"https:\/\/www.aoswel.com\/product\/all-in-one-endoscope-camera-system\/#primaryimage\",\"url\":\"https:\/\/www.aoswel.com\/wp-content\/uploads\/2024\/05\/4K-endoscope-Camera.jpg\",\"contentUrl\":\"https:\/\/www.aoswel.com\/wp-content\/uploads\/2024\/05\/4K-endoscope-Camera.jpg\",\"width\":800,\"height\":622,\"caption\":\"4K All in One Endoscope Camera System\"},{\"@type\":\"BreadcrumbList\",\"@id\":\"https:\/\/www.aoswel.com\/product\/all-in-one-endoscope-camera-system\/#breadcrumb\",\"itemListElement\":[{\"@type\":\"ListItem\",\"position\":1,\"name\":\"Products\",\"item\":\"https:\/\/www.aoswel.com\/products\/\"},{\"@type\":\"ListItem\",\"position\":2,\"name\":\"4K All in One Endoscope Camera System\"}]},{\"@type\":\"WebSite\",\"@id\":\"https:\/\/www.aoswel.com\/#website\",\"url\":\"https:\/\/www.aoswel.com\/\",\"name\":\"AOSWEL\",\"description\":\"One-Stop Service Of Medical Endoscope Manufacturer\",\"publisher\":{\"@id\":\"https:\/\/www.aoswel.com\/#organization\"},\"potentialAction\":[{\"@type\":\"SearchAction\",\"target\":{\"@type\":\"EntryPoint\",\"urlTemplate\":\"https:\/\/www.aoswel.com\/?s={search_term_string}\"},\"query-input\":{\"@type\":\"PropertyValueSpecification\",\"valueRequired\":true,\"valueName\":\"search_term_string\"}}],\"inLanguage\":\"fr-FR\"},{\"@type\":\"Organization\",\"@id\":\"https:\/\/www.aoswel.com\/#organization\",\"name\":\"AOSWEL\",\"url\":\"https:\/\/www.aoswel.com\/\",\"logo\":{\"@type\":\"ImageObject\",\"inLanguage\":\"fr-FR\",\"@id\":\"https:\/\/www.aoswel.com\/#\/schema\/logo\/image\/\",\"url\":\"https:\/\/www.aoswel.com\/wp-content\/uploads\/2023\/03\/LOGO.png\",\"contentUrl\":\"https:\/\/www.aoswel.com\/wp-content\/uploads\/2023\/03\/LOGO.png\",\"width\":600,\"height\":252,\"caption\":\"AOSWEL\"},\"image\":{\"@id\":\"https:\/\/www.aoswel.com\/#\/schema\/logo\/image\/\"}}]}<\/script>\n<!-- \/ Yoast SEO plugin. -->","yoast_head_json":{"title":"4K All in One Endoscope Camera System - AOSWEL","description":"All in One Endoscope Camera System","robots":{"index":"index","follow":"follow","max-snippet":"max-snippet:-1","max-image-preview":"max-image-preview:large","max-video-preview":"max-video-preview:-1"},"canonical":"https:\/\/www.aoswel.com\/fr\/product\/all-in-one-endoscope-camera-system\/","og_locale":"fr_FR","og_type":"article","og_title":"4K All in One Endoscope Camera System - AOSWEL","og_description":"All in One Endoscope Camera System","og_url":"https:\/\/www.aoswel.com\/fr\/product\/all-in-one-endoscope-camera-system\/","og_site_name":"AOSWEL","article_modified_time":"2025-04-12T19:04:33+00:00","og_image":[{"width":800,"height":622,"url":"https:\/\/www.aoswel.com\/wp-content\/uploads\/2024\/05\/4K-endoscope-Camera.jpg","type":"image\/jpeg"}],"twitter_card":"summary_large_image","twitter_misc":{"Est. reading time":"2 minutes"},"schema":{"@context":"https:\/\/schema.org","@graph":[{"@type":"WebPage","@id":"https:\/\/www.aoswel.com\/product\/all-in-one-endoscope-camera-system\/","url":"https:\/\/www.aoswel.com\/product\/all-in-one-endoscope-camera-system\/","name":"4K All in One Endoscope Camera System - AOSWEL","isPartOf":{"@id":"https:\/\/www.aoswel.com\/#website"},"primaryImageOfPage":{"@id":"https:\/\/www.aoswel.com\/product\/all-in-one-endoscope-camera-system\/#primaryimage"},"image":{"@id":"https:\/\/www.aoswel.com\/product\/all-in-one-endoscope-camera-system\/#primaryimage"},"thumbnailUrl":"https:\/\/www.aoswel.com\/wp-content\/uploads\/2024\/05\/4K-endoscope-Camera.jpg","datePublished":"2024-05-29T07:35:05+00:00","dateModified":"2025-04-12T19:04:33+00:00","description":"All in One Endoscope Camera System","breadcrumb":{"@id":"https:\/\/www.aoswel.com\/product\/all-in-one-endoscope-camera-system\/#breadcrumb"},"inLanguage":"fr-FR","potentialAction":[{"@type":"ReadAction","target":["https:\/\/www.aoswel.com\/product\/all-in-one-endoscope-camera-system\/"]}]},{"@type":"ImageObject","inLanguage":"fr-FR","@id":"https:\/\/www.aoswel.com\/product\/all-in-one-endoscope-camera-system\/#primaryimage","url":"https:\/\/www.aoswel.com\/wp-content\/uploads\/2024\/05\/4K-endoscope-Camera.jpg","contentUrl":"https:\/\/www.aoswel.com\/wp-content\/uploads\/2024\/05\/4K-endoscope-Camera.jpg","width":800,"height":622,"caption":"4K All in One Endoscope Camera System"},{"@type":"BreadcrumbList","@id":"https:\/\/www.aoswel.com\/product\/all-in-one-endoscope-camera-system\/#breadcrumb","itemListElement":[{"@type":"ListItem","position":1,"name":"Products","item":"https:\/\/www.aoswel.com\/products\/"},{"@type":"ListItem","position":2,"name":"4K All in One Endoscope Camera System"}]},{"@type":"WebSite","@id":"https:\/\/www.aoswel.com\/#website","url":"https:\/\/www.aoswel.com\/","name":"AOSWEL","description":"One-Stop Service Of Medical Endoscope Manufacturer","publisher":{"@id":"https:\/\/www.aoswel.com\/#organization"},"potentialAction":[{"@type":"SearchAction","target":{"@type":"EntryPoint","urlTemplate":"https:\/\/www.aoswel.com\/?s={search_term_string}"},"query-input":{"@type":"PropertyValueSpecification","valueRequired":true,"valueName":"search_term_string"}}],"inLanguage":"fr-FR"},{"@type":"Organization","@id":"https:\/\/www.aoswel.com\/#organization","name":"AOSWEL","url":"https:\/\/www.aoswel.com\/","logo":{"@type":"ImageObject","inLanguage":"fr-FR","@id":"https:\/\/www.aoswel.com\/#\/schema\/logo\/image\/","url":"https:\/\/www.aoswel.com\/wp-content\/uploads\/2023\/03\/LOGO.png","contentUrl":"https:\/\/www.aoswel.com\/wp-content\/uploads\/2023\/03\/LOGO.png","width":600,"height":252,"caption":"AOSWEL"},"image":{"@id":"https:\/\/www.aoswel.com\/#\/schema\/logo\/image\/"}}]}},"jetpack_sharing_enabled":true,"_links":{"self":[{"href":"https:\/\/www.aoswel.com\/fr\/wp-json\/wp\/v2\/product\/3052","targetHints":{"allow":["GET"]}}],"collection":[{"href":"https:\/\/www.aoswel.com\/fr\/wp-json\/wp\/v2\/product"}],"about":[{"href":"https:\/\/www.aoswel.com\/fr\/wp-json\/wp\/v2\/types\/product"}],"replies":[{"embeddable":true,"href":"https:\/\/www.aoswel.com\/fr\/wp-json\/wp\/v2\/comments?post=3052"}],"wp:featuredmedia":[{"embeddable":true,"href":"https:\/\/www.aoswel.com\/fr\/wp-json\/wp\/v2\/media\/2996"}],"wp:attachment":[{"href":"https:\/\/www.aoswel.com\/fr\/wp-json\/wp\/v2\/media?parent=3052"}],"wp:term":[{"taxonomy":"product_brand","embeddable":true,"href":"https:\/\/www.aoswel.com\/fr\/wp-json\/wp\/v2\/product_brand?post=3052"},{"taxonomy":"product_cat","embeddable":true,"href":"https:\/\/www.aoswel.com\/fr\/wp-json\/wp\/v2\/product_cat?post=3052"},{"taxonomy":"product_tag","embeddable":true,"href":"https:\/\/www.aoswel.com\/fr\/wp-json\/wp\/v2\/product_tag?post=3052"}],"curies":[{"name":"wp","href":"https:\/\/api.w.org\/{rel}","templated":true}]}}