{"id":3053,"date":"2024-05-29T15:45:33","date_gmt":"2024-05-29T07:45:33","guid":{"rendered":"https:\/\/www.aoswel.com\/?post_type=product&#038;p=3053"},"modified":"2024-07-11T18:06:01","modified_gmt":"2024-07-11T10:06:01","slug":"full-hd-digital-video-colposcope","status":"publish","type":"product","link":"https:\/\/www.aoswel.com\/es\/product\/full-hd-digital-video-colposcope\/","title":{"rendered":"Videocolposcopio digital Full HD"},"content":{"rendered":"<h1>Videocolposcopio digital Full HD<\/h1>\n<h4><strong>Caracter\u00edsticas del producto:<\/strong><\/h4>\n<ol class=\"custom_num list-paddingleft-1\">\n<li class=\"list-undefined1 list--paddingleft-1\">1. C\u00e1mara con almacenamiento de im\u00e1genes SD incorporado, podr\u00eda capturar, grabar y reproducir<\/li>\n<li class=\"list-undefined2 list--paddingleft-1\">2. La c\u00e1mara utiliza una fuente de luz LED de alta estabilidad, utiliza una tecnolog\u00eda de luz uniforme espec\u00edfica para disminuir la reflexi\u00f3n de la luz, aumentar la vida \u00fatil y proporcionar una mejor reducci\u00f3n del color.<\/li>\n<li class=\"list-undefined3 list--paddingleft-1\">3. El soporte de la c\u00e1mara y la c\u00e1mara utilizan el dise\u00f1o de integraci\u00f3n, con la funci\u00f3n de posicionamiento opcional de altura espec\u00edfica del soporte, m\u00e1s conveniente para operar.<\/li>\n<li class=\"list-undefined4 list--paddingleft-1\">4. Full HD 1920*1080p imagen &amp;video salida, hacer m\u00e1s clara, real y precisa en el examen cl\u00ednico.<\/li>\n<li class=\"list-undefined5 list--paddingleft-1\">5. C\u00e1mara podr\u00eda coincidir y conectarse con mando a distancia inal\u00e1mbrico 2.4G<\/li>\n<li class=\"list-undefined6 list--paddingleft-1\">6. El carro tiene la funci\u00f3n de subir y bajar<\/li>\n<li class=\"list-undefined7 list--paddingleft-1\">7. El software del colposcopio es compatible con el sistema PACS<\/li>\n<\/ol>\n<figure id=\"attachment_2913\" aria-describedby=\"caption-attachment-2913\" style=\"width: 800px\" class=\"wp-caption alignnone\"><img fetchpriority=\"high\" decoding=\"async\" class=\"wp-image-2913 size-full\" src=\"https:\/\/www.aoswel.com\/wp-content\/uploads\/2024\/05\/Full-HD-Digital-Video-Colposcope.jpg\" alt=\"Full HD Digital Video Colposcope\" width=\"800\" height=\"622\" srcset=\"https:\/\/www.aoswel.com\/wp-content\/uploads\/2024\/05\/Full-HD-Digital-Video-Colposcope.jpg 800w, https:\/\/www.aoswel.com\/wp-content\/uploads\/2024\/05\/Full-HD-Digital-Video-Colposcope-300x233.jpg 300w, https:\/\/www.aoswel.com\/wp-content\/uploads\/2024\/05\/Full-HD-Digital-Video-Colposcope-768x597.jpg 768w, https:\/\/www.aoswel.com\/wp-content\/uploads\/2024\/05\/Full-HD-Digital-Video-Colposcope-600x467.jpg 600w\" sizes=\"(max-width: 800px) 100vw, 800px\" \/><figcaption id=\"caption-attachment-2913\" class=\"wp-caption-text\">Videocolposcopio digital Full HD<\/figcaption><\/figure>\n<h4>Detalle Especificaci\u00f3n:<\/h4>\n<p><strong>Par\u00e1metros t\u00e9cnicos<\/strong><\/p>\n<div class=\"table\">\n<table style=\"height: 342px;\" width=\"985\" cellspacing=\"0\">\n<tbody>\n<tr>\n<td>1<\/td>\n<td>C\u00e1mara<\/td>\n<td>CMOS SONY de 1\/2,8 pulgadas<\/td>\n<\/tr>\n<tr>\n<td>2<\/td>\n<td>Total de p\u00edxeles<\/td>\n<td>2.100.000 p\u00edxeles<\/td>\n<\/tr>\n<tr>\n<td>3<\/td>\n<td>Tama\u00f1o de la imagen\uff08Horizontal*Vertical\uff09<\/td>\n<td>1920*1080P<\/td>\n<\/tr>\n<tr>\n<td>4<\/td>\n<td>Sistema de escaneado<\/td>\n<td>Escaneado progresivo<\/td>\n<\/tr>\n<tr>\n<td>5<\/td>\n<td>Frecuencia de imagen<\/td>\n<td>60p<\/td>\n<\/tr>\n<tr>\n<td>6<\/td>\n<td>Salida de v\u00eddeo<\/td>\n<td>IDE<\/td>\n<\/tr>\n<tr>\n<td>7<\/td>\n<td>Resoluci\u00f3n Horizonte<\/td>\n<td>1080 l\u00edneas<\/td>\n<\/tr>\n<tr>\n<td>8<\/td>\n<td>SNR<\/td>\n<td>\u226550dB<\/td>\n<\/tr>\n<\/tbody>\n<\/table>\n<\/div>\n<div class=\"wpforms-container\" id=\"wpforms-1859\"><form id=\"wpforms-form-1859\" class=\"wpforms-validate wpforms-form wpforms-ajax-form\" data-formid=\"1859\" method=\"post\" enctype=\"multipart\/form-data\" action=\"\/es\/wp-json\/wp\/v2\/product\/3053\" data-token=\"49d80ab2530cd0af2590e354c1887118\" data-token-time=\"1777567016\" data-trp-original-action=\"\/es\/wp-json\/wp\/v2\/product\/3053\"><noscript class=\"wpforms-error-noscript\">Active JavaScript en su navegador para rellenar este formulario.<\/noscript><div class=\"wpforms-field-container\"><div id=\"wpforms-1859-field_0-container\" class=\"wpforms-field wpforms-field-name\" data-field-id=\"0\"><label class=\"wpforms-field-label\" for=\"wpforms-1859-field_0\">Nombre <span class=\"wpforms-required-label\">*<\/span><\/label><input type=\"text\" id=\"wpforms-1859-field_0\" class=\"wpforms-field-medium wpforms-field-required\" name=\"wpforms[fields][0]\" required><\/div><div id=\"wpforms-1859-field_1-container\" class=\"wpforms-field wpforms-field-email\" data-field-id=\"1\"><label class=\"wpforms-field-label\" for=\"wpforms-1859-field_1\">Correo electr\u00f3nico <span class=\"wpforms-required-label\">*<\/span><\/label><input type=\"email\" id=\"wpforms-1859-field_1\" class=\"wpforms-field-medium wpforms-field-required\" name=\"wpforms[fields][1]\" spellcheck=\"false\" required><\/div><div id=\"wpforms-1859-field_2-container\" class=\"wpforms-field wpforms-field-textarea\" data-field-id=\"2\"><label class=\"wpforms-field-label\" for=\"wpforms-1859-field_2\">Mensaje<\/label><textarea id=\"wpforms-1859-field_2\" class=\"wpforms-field-medium\" name=\"wpforms[fields][2]\" ><\/textarea><\/div><\/div><!-- .wpforms-field-container --><div class=\"wpforms-recaptcha-container wpforms-is-recaptcha wpforms-is-recaptcha-type-v2\" ><div class=\"g-recaptcha\" data-sitekey=\"6LdTpxoqAAAAAIzKlVIE-V0Bxf_p_IQyTqMHvU3D\"><\/div><input type=\"text\" name=\"g-recaptcha-hidden\" class=\"wpforms-recaptcha-hidden\" style=\"position:absolute!important;clip:rect(0,0,0,0)!important;height:1px!important;width:1px!important;border:0!important;overflow:hidden!important;padding:0!important;margin:0!important;\" data-rule-recaptcha=\"1\"><\/div><div class=\"wpforms-submit-container\" ><input type=\"hidden\" name=\"wpforms[id]\" value=\"1859\"><input type=\"hidden\" name=\"page_title\" value=\"\"><input type=\"hidden\" name=\"page_url\" value=\"https:\/\/www.aoswel.com\/es\/wp-json\/wp\/v2\/product\/3053\"><input type=\"hidden\" name=\"url_referer\" value=\"\"><button type=\"submit\" name=\"wpforms[submit]\" id=\"wpforms-submit-1859\" class=\"wpforms-submit\" data-alt-text=\"Sending...\" data-submit-text=\"Submit\" aria-live=\"assertive\" value=\"wpforms-submit\">Enviar<\/button><img decoding=\"async\" src=\"https:\/\/www.aoswel.com\/wp-content\/plugins\/wpforms-lite\/assets\/images\/submit-spin.svg\" class=\"wpforms-submit-spinner\" style=\"display: none;\" width=\"26\" height=\"26\" alt=\"Loading\"><\/div><input type=\"hidden\" name=\"trp-form-language\" value=\"es\"\/><\/form><\/div>  <!-- .wpforms-container -->","protected":false},"excerpt":{"rendered":"<p><strong>A:<\/strong> C\u00e1mara con almacenamiento de im\u00e1genes SD incorporado,<\/p>\n<p><strong>B:<\/strong> Podr\u00eda capturar,<\/p>\n<p><strong>C:<\/strong> Grabaci\u00f3n y reproducci\u00f3n<\/p>","protected":false},"featured_media":2913,"comment_status":"open","ping_status":"closed","template":"","meta":{"site-sidebar-layout":"default","site-content-layout":"","ast-site-content-layout":"default","site-content-style":"default","site-sidebar-style":"default","ast-global-header-display":"","ast-banner-title-visibility":"","ast-main-header-display":"","ast-hfb-above-header-display":"","ast-hfb-below-header-display":"","ast-hfb-mobile-header-display":"","site-post-title":"","ast-breadcrumbs-content":"","ast-featured-img":"","footer-sml-layout":"","ast-disable-related-posts":"","theme-transparent-header-meta":"","adv-header-id-meta":"","stick-header-meta":"","header-above-stick-meta":"","header-main-stick-meta":"","header-below-stick-meta":"","astra-migrate-meta-layouts":"default","ast-page-background-enabled":"default","ast-page-background-meta":{"desktop":{"background-color":"","background-image":"","background-repeat":"repeat","background-position":"center center","background-size":"auto","background-attachment":"scroll","background-type":"","background-media":"","overlay-type":"","overlay-color":"","overlay-opacity":"","overlay-gradient":""},"tablet":{"background-color":"","background-image":"","background-repeat":"repeat","background-position":"center center","background-size":"auto","background-attachment":"scroll","background-type":"","background-media":"","overlay-type":"","overlay-color":"","overlay-opacity":"","overlay-gradient":""},"mobile":{"background-color":"","background-image":"","background-repeat":"repeat","background-position":"center center","background-size":"auto","background-attachment":"scroll","background-type":"","background-media":"","overlay-type":"","overlay-color":"","overlay-opacity":"","overlay-gradient":""}},"ast-content-background-meta":{"desktop":{"background-color":"var(--ast-global-color-5)","background-image":"","background-repeat":"repeat","background-position":"center center","background-size":"auto","background-attachment":"scroll","background-type":"","background-media":"","overlay-type":"","overlay-color":"","overlay-opacity":"","overlay-gradient":""},"tablet":{"background-color":"var(--ast-global-color-5)","background-image":"","background-repeat":"repeat","background-position":"center center","background-size":"auto","background-attachment":"scroll","background-type":"","background-media":"","overlay-type":"","overlay-color":"","overlay-opacity":"","overlay-gradient":""},"mobile":{"background-color":"var(--ast-global-color-5)","background-image":"","background-repeat":"repeat","background-position":"center center","background-size":"auto","background-attachment":"scroll","background-type":"","background-media":"","overlay-type":"","overlay-color":"","overlay-opacity":"","overlay-gradient":""}}},"product_brand":[],"product_cat":[150],"product_tag":[151,152],"class_list":{"0":"post-3053","1":"product","2":"type-product","3":"status-publish","4":"has-post-thumbnail","6":"product_cat-colposcope","7":"product_tag-colposcope","8":"product_tag-full-hd-digital-video-colposcope","9":"desktop-align-left","10":"tablet-align-left","11":"mobile-align-left","13":"first","14":"instock","15":"shipping-taxable","16":"product-type-simple"},"yoast_head":"<!-- This site is optimized with the Yoast SEO plugin v27.2 - https:\/\/yoast.com\/product\/yoast-seo-wordpress\/ -->\n<title>Full HD Digital Video Colposcope - AOSWEL<\/title>\n<meta name=\"description\" content=\"Full HD Digital Video Colposcope\" \/>\n<meta name=\"robots\" content=\"index, follow, max-snippet:-1, max-image-preview:large, max-video-preview:-1\" \/>\n<link rel=\"canonical\" href=\"https:\/\/www.aoswel.com\/es\/product\/full-hd-digital-video-colposcope\/\" \/>\n<meta property=\"og:locale\" content=\"es_ES\" \/>\n<meta property=\"og:type\" content=\"article\" \/>\n<meta property=\"og:title\" content=\"Full HD Digital Video Colposcope - AOSWEL\" \/>\n<meta property=\"og:description\" content=\"Full HD Digital Video Colposcope\" \/>\n<meta property=\"og:url\" content=\"https:\/\/www.aoswel.com\/es\/product\/full-hd-digital-video-colposcope\/\" \/>\n<meta property=\"og:site_name\" content=\"AOSWEL\" \/>\n<meta property=\"article:modified_time\" content=\"2024-07-11T10:06:01+00:00\" \/>\n<meta property=\"og:image\" content=\"https:\/\/www.aoswel.com\/wp-content\/uploads\/2024\/05\/Full-HD-Digital-Video-Colposcope.jpg\" \/>\n\t<meta property=\"og:image:width\" content=\"800\" \/>\n\t<meta property=\"og:image:height\" content=\"622\" \/>\n\t<meta property=\"og:image:type\" content=\"image\/jpeg\" \/>\n<meta name=\"twitter:card\" content=\"summary_large_image\" \/>\n<meta name=\"twitter:label1\" content=\"Est. reading time\" \/>\n\t<meta name=\"twitter:data1\" content=\"2 minutes\" \/>\n<script type=\"application\/ld+json\" class=\"yoast-schema-graph\">{\"@context\":\"https:\/\/schema.org\",\"@graph\":[{\"@type\":\"WebPage\",\"@id\":\"https:\/\/www.aoswel.com\/product\/full-hd-digital-video-colposcope\/\",\"url\":\"https:\/\/www.aoswel.com\/product\/full-hd-digital-video-colposcope\/\",\"name\":\"Full HD Digital Video Colposcope - AOSWEL\",\"isPartOf\":{\"@id\":\"https:\/\/www.aoswel.com\/#website\"},\"primaryImageOfPage\":{\"@id\":\"https:\/\/www.aoswel.com\/product\/full-hd-digital-video-colposcope\/#primaryimage\"},\"image\":{\"@id\":\"https:\/\/www.aoswel.com\/product\/full-hd-digital-video-colposcope\/#primaryimage\"},\"thumbnailUrl\":\"https:\/\/www.aoswel.com\/wp-content\/uploads\/2024\/05\/Full-HD-Digital-Video-Colposcope.jpg\",\"datePublished\":\"2024-05-29T07:45:33+00:00\",\"dateModified\":\"2024-07-11T10:06:01+00:00\",\"description\":\"Full HD Digital Video Colposcope\",\"breadcrumb\":{\"@id\":\"https:\/\/www.aoswel.com\/product\/full-hd-digital-video-colposcope\/#breadcrumb\"},\"inLanguage\":\"es-ES\",\"potentialAction\":[{\"@type\":\"ReadAction\",\"target\":[\"https:\/\/www.aoswel.com\/product\/full-hd-digital-video-colposcope\/\"]}]},{\"@type\":\"ImageObject\",\"inLanguage\":\"es-ES\",\"@id\":\"https:\/\/www.aoswel.com\/product\/full-hd-digital-video-colposcope\/#primaryimage\",\"url\":\"https:\/\/www.aoswel.com\/wp-content\/uploads\/2024\/05\/Full-HD-Digital-Video-Colposcope.jpg\",\"contentUrl\":\"https:\/\/www.aoswel.com\/wp-content\/uploads\/2024\/05\/Full-HD-Digital-Video-Colposcope.jpg\",\"width\":800,\"height\":622,\"caption\":\"Full HD Digital Video Colposcope\"},{\"@type\":\"BreadcrumbList\",\"@id\":\"https:\/\/www.aoswel.com\/product\/full-hd-digital-video-colposcope\/#breadcrumb\",\"itemListElement\":[{\"@type\":\"ListItem\",\"position\":1,\"name\":\"Products\",\"item\":\"https:\/\/www.aoswel.com\/products\/\"},{\"@type\":\"ListItem\",\"position\":2,\"name\":\"Full HD Digital Video Colposcope\"}]},{\"@type\":\"WebSite\",\"@id\":\"https:\/\/www.aoswel.com\/#website\",\"url\":\"https:\/\/www.aoswel.com\/\",\"name\":\"AOSWEL\",\"description\":\"One-Stop Service Of Medical Endoscope Manufacturer\",\"publisher\":{\"@id\":\"https:\/\/www.aoswel.com\/#organization\"},\"potentialAction\":[{\"@type\":\"SearchAction\",\"target\":{\"@type\":\"EntryPoint\",\"urlTemplate\":\"https:\/\/www.aoswel.com\/?s={search_term_string}\"},\"query-input\":{\"@type\":\"PropertyValueSpecification\",\"valueRequired\":true,\"valueName\":\"search_term_string\"}}],\"inLanguage\":\"es-ES\"},{\"@type\":\"Organization\",\"@id\":\"https:\/\/www.aoswel.com\/#organization\",\"name\":\"AOSWEL\",\"url\":\"https:\/\/www.aoswel.com\/\",\"logo\":{\"@type\":\"ImageObject\",\"inLanguage\":\"es-ES\",\"@id\":\"https:\/\/www.aoswel.com\/#\/schema\/logo\/image\/\",\"url\":\"https:\/\/www.aoswel.com\/wp-content\/uploads\/2023\/03\/LOGO.png\",\"contentUrl\":\"https:\/\/www.aoswel.com\/wp-content\/uploads\/2023\/03\/LOGO.png\",\"width\":600,\"height\":252,\"caption\":\"AOSWEL\"},\"image\":{\"@id\":\"https:\/\/www.aoswel.com\/#\/schema\/logo\/image\/\"}}]}<\/script>\n<!-- \/ Yoast SEO plugin. -->","yoast_head_json":{"title":"Full HD Digital Video Colposcope - AOSWEL","description":"Full HD Digital Video Colposcope","robots":{"index":"index","follow":"follow","max-snippet":"max-snippet:-1","max-image-preview":"max-image-preview:large","max-video-preview":"max-video-preview:-1"},"canonical":"https:\/\/www.aoswel.com\/es\/product\/full-hd-digital-video-colposcope\/","og_locale":"es_ES","og_type":"article","og_title":"Full HD Digital Video Colposcope - AOSWEL","og_description":"Full HD Digital Video Colposcope","og_url":"https:\/\/www.aoswel.com\/es\/product\/full-hd-digital-video-colposcope\/","og_site_name":"AOSWEL","article_modified_time":"2024-07-11T10:06:01+00:00","og_image":[{"width":800,"height":622,"url":"https:\/\/www.aoswel.com\/wp-content\/uploads\/2024\/05\/Full-HD-Digital-Video-Colposcope.jpg","type":"image\/jpeg"}],"twitter_card":"summary_large_image","twitter_misc":{"Est. reading time":"2 minutes"},"schema":{"@context":"https:\/\/schema.org","@graph":[{"@type":"WebPage","@id":"https:\/\/www.aoswel.com\/product\/full-hd-digital-video-colposcope\/","url":"https:\/\/www.aoswel.com\/product\/full-hd-digital-video-colposcope\/","name":"Full HD Digital Video Colposcope - AOSWEL","isPartOf":{"@id":"https:\/\/www.aoswel.com\/#website"},"primaryImageOfPage":{"@id":"https:\/\/www.aoswel.com\/product\/full-hd-digital-video-colposcope\/#primaryimage"},"image":{"@id":"https:\/\/www.aoswel.com\/product\/full-hd-digital-video-colposcope\/#primaryimage"},"thumbnailUrl":"https:\/\/www.aoswel.com\/wp-content\/uploads\/2024\/05\/Full-HD-Digital-Video-Colposcope.jpg","datePublished":"2024-05-29T07:45:33+00:00","dateModified":"2024-07-11T10:06:01+00:00","description":"Full HD Digital Video Colposcope","breadcrumb":{"@id":"https:\/\/www.aoswel.com\/product\/full-hd-digital-video-colposcope\/#breadcrumb"},"inLanguage":"es-ES","potentialAction":[{"@type":"ReadAction","target":["https:\/\/www.aoswel.com\/product\/full-hd-digital-video-colposcope\/"]}]},{"@type":"ImageObject","inLanguage":"es-ES","@id":"https:\/\/www.aoswel.com\/product\/full-hd-digital-video-colposcope\/#primaryimage","url":"https:\/\/www.aoswel.com\/wp-content\/uploads\/2024\/05\/Full-HD-Digital-Video-Colposcope.jpg","contentUrl":"https:\/\/www.aoswel.com\/wp-content\/uploads\/2024\/05\/Full-HD-Digital-Video-Colposcope.jpg","width":800,"height":622,"caption":"Full HD Digital Video Colposcope"},{"@type":"BreadcrumbList","@id":"https:\/\/www.aoswel.com\/product\/full-hd-digital-video-colposcope\/#breadcrumb","itemListElement":[{"@type":"ListItem","position":1,"name":"Products","item":"https:\/\/www.aoswel.com\/products\/"},{"@type":"ListItem","position":2,"name":"Full HD Digital Video Colposcope"}]},{"@type":"WebSite","@id":"https:\/\/www.aoswel.com\/#website","url":"https:\/\/www.aoswel.com\/","name":"AOSWEL","description":"One-Stop Service Of Medical Endoscope Manufacturer","publisher":{"@id":"https:\/\/www.aoswel.com\/#organization"},"potentialAction":[{"@type":"SearchAction","target":{"@type":"EntryPoint","urlTemplate":"https:\/\/www.aoswel.com\/?s={search_term_string}"},"query-input":{"@type":"PropertyValueSpecification","valueRequired":true,"valueName":"search_term_string"}}],"inLanguage":"es-ES"},{"@type":"Organization","@id":"https:\/\/www.aoswel.com\/#organization","name":"AOSWEL","url":"https:\/\/www.aoswel.com\/","logo":{"@type":"ImageObject","inLanguage":"es-ES","@id":"https:\/\/www.aoswel.com\/#\/schema\/logo\/image\/","url":"https:\/\/www.aoswel.com\/wp-content\/uploads\/2023\/03\/LOGO.png","contentUrl":"https:\/\/www.aoswel.com\/wp-content\/uploads\/2023\/03\/LOGO.png","width":600,"height":252,"caption":"AOSWEL"},"image":{"@id":"https:\/\/www.aoswel.com\/#\/schema\/logo\/image\/"}}]}},"jetpack_sharing_enabled":true,"_links":{"self":[{"href":"https:\/\/www.aoswel.com\/es\/wp-json\/wp\/v2\/product\/3053","targetHints":{"allow":["GET"]}}],"collection":[{"href":"https:\/\/www.aoswel.com\/es\/wp-json\/wp\/v2\/product"}],"about":[{"href":"https:\/\/www.aoswel.com\/es\/wp-json\/wp\/v2\/types\/product"}],"replies":[{"embeddable":true,"href":"https:\/\/www.aoswel.com\/es\/wp-json\/wp\/v2\/comments?post=3053"}],"wp:featuredmedia":[{"embeddable":true,"href":"https:\/\/www.aoswel.com\/es\/wp-json\/wp\/v2\/media\/2913"}],"wp:attachment":[{"href":"https:\/\/www.aoswel.com\/es\/wp-json\/wp\/v2\/media?parent=3053"}],"wp:term":[{"taxonomy":"product_brand","embeddable":true,"href":"https:\/\/www.aoswel.com\/es\/wp-json\/wp\/v2\/product_brand?post=3053"},{"taxonomy":"product_cat","embeddable":true,"href":"https:\/\/www.aoswel.com\/es\/wp-json\/wp\/v2\/product_cat?post=3053"},{"taxonomy":"product_tag","embeddable":true,"href":"https:\/\/www.aoswel.com\/es\/wp-json\/wp\/v2\/product_tag?post=3053"}],"curies":[{"name":"wp","href":"https:\/\/api.w.org\/{rel}","templated":true}]}}